{"id":13,"date":"2019-08-06T20:51:01","date_gmt":"2019-08-06T20:51:01","guid":{"rendered":"http:\/\/sandy-mora.test\/?page_id=13"},"modified":"2024-10-08T20:25:44","modified_gmt":"2024-10-09T02:25:44","slug":"alquimia-emocional","status":"publish","type":"page","link":"https:\/\/sandy-mora.com\/en\/alquimia-emocional\/","title":{"rendered":"Emotional Alchemy"},"content":{"rendered":"<blockquote><p>When you <strong>decide<\/strong>, avanzas&#8230;<\/p>\n<p>When you <strong>accept<\/strong>, transformas&#8230;<\/p>\n<p>When you <strong>are grateful<\/strong>, atraes&#8230;<\/p>\n<p>When you have <strong>faith<\/strong>, sucede&#8230;<\/p>\n<p>And when you act from love, everything flows. <strong>amor<\/strong>, todo fluye.<\/p>\n<p>&#8211; Sandy Mora<\/p><\/blockquote>\n\t\t\t<a href=\"https:\/\/adbl.co\/3neCorN\" target=\"_blank\" role=\"button\" rel=\"noopener\">\n\t\t\t\t\t\tAUDIO BOOK IN SPANISH\n\t\t\t\t\t<\/a>\n\t\t\t<a href=\"https:\/\/www.amazon.com\/-\/es\/EMOTIONAL-ALCHEMY-transforming-adversity-personal\/dp\/B096LPT39S\/ref=tmm_pap_swatch_0?_encoding=UTF8&amp;dib_tag=se&amp;dib=eyJ2IjoiMSJ9.42UWOjl0gSctA0EesLTn2hkKpq--wvqfndRhD3MQ9XDGjHj071QN20LucGBJIEps.ncBfFORLtnaSsOnwcqJbOPvAfoh9zhaTtLNZ1kuLr4w&amp;qid=1740286701&amp;sr=8-1\" target=\"_blank\" role=\"button\" rel=\"noopener\">\n\t\t\t\t\t\tSOFT COVER BOOK IN ENGLISH\n\t\t\t\t\t<\/a>\n\t\t\t<a href=\"https:\/\/www.amazon.com\/-\/es\/Sandy-Mora-ebook\/dp\/B093ZBGY62\/ref=tmm_kin_swatch_0?_encoding=UTF8&amp;dib_tag=se&amp;dib=eyJ2IjoiMSJ9.42UWOjl0gSctA0EesLTn2hkKpq--wvqfndRhD3MQ9XDGjHj071QN20LucGBJIEps.ncBfFORLtnaSsOnwcqJbOPvAfoh9zhaTtLNZ1kuLr4w&amp;qid=1740286701&amp;sr=8-1\" target=\"_blank\" role=\"button\" rel=\"noopener\">\n\t\t\t\t\t\tKINDLE IN ENGLISH\n\t\t\t\t\t<\/a>\n<h2>\n\t\tEMOTIONAL ALCHEMY IS THE ART OF TRANSFORMING ADVERSITY INTO GOLD OF CONSCIOUSNESS AND GROWTH, THE WAY TO LEARN TO DEAL WITH CRISIS AND CHANGE CONSTRUCTIVELY, EMERGING FROM THEM TRANSFORMED AND STRENGTHENED.\n\t<\/h2>\n\t\t\t\t<a href=\"https:\/\/amzn.to\/30N7oTK\" target=\"_blank\" rel=\"noopener\" itemprop=\"url\">\n\t\t\t\t<img fetchpriority=\"high\" decoding=\"async\" src=\"https:\/\/sandy-mora.com\/wp-content\/uploads\/2025\/02\/Available-on.jpg\" alt=\"Sandy Mora Libro Alquimia Emocional\" itemprop=\"image\" height=\"576\" width=\"1024\" title=\"Sandy Mora libro Alquimia Emocional\" onerror=\"this.style.display='none'\"  \/>\n\t\t\t\t<\/a>\n<h2>\n\t\tWHAT READERS SAY\n\t<\/h2>\n\t\t\t<img decoding=\"async\" loading='false' src=\"https:\/\/sandy-mora.com\/wp-content\/uploads\/2024\/08\/14.jpg\" alt=\"Alquimia Emocional de Sandy Mora reviews\" \/>\t\t\t\n\t\t\t<img decoding=\"async\" loading='false' src=\"https:\/\/sandy-mora.com\/wp-content\/uploads\/2024\/08\/15.jpg\" alt=\"Alquimia Emocional de Sandy Mora rese\u00f1as\" \/>\t\t\t\n\t\t\t<img decoding=\"async\" loading='false' src=\"https:\/\/sandy-mora.com\/wp-content\/uploads\/2024\/09\/Testimonios-libro-3.jpg\" alt=\"\" \/>\t\t\t\n\t\t\t<img decoding=\"async\" loading='false' src=\"https:\/\/sandy-mora.com\/wp-content\/uploads\/2024\/08\/17.jpg\" alt=\"Alquimia Emocional de Sandy Mora rese\u00f1as\" \/>\t\t\t\n\t\t\t<img decoding=\"async\" loading='false' src=\"https:\/\/sandy-mora.com\/wp-content\/uploads\/2024\/08\/18.jpg\" alt=\"Alquimia Emocional de Sandy Mora rese\u00f1as\" \/>\t\t\t\n\t\t\t<img decoding=\"async\" loading='false' src=\"https:\/\/sandy-mora.com\/wp-content\/uploads\/2024\/09\/Testimonios-libro-Sept-2024.jpg\" alt=\"Alquimia Emocional Sandy Mora Rese\u00f1as\" \/>\t\t\t\n<h1>\n\t\tEmotional Alchemy\n\t<\/h1>\n\t<p>EVERYONE, without exception, goes through tough and painful moments:<\/p>\n<ul>\n<li>\n<ul>\n<li>The loss of a loved one<\/li>\n<li>A heartbreak<\/li>\n<li>A serious illness<\/li>\n<li>A financial setback<\/li>\n<li>A job loss<\/li>\n<li>Unexpected changes<\/li>\n<li>Una crisis existencial&#8230;<\/li>\n<\/ul>\n<\/li>\n<\/ul>\n\t<p>Hitting rock bottom at certain points in life is inevitable. The ability to rise from those falls is called resilience. But the fall itself is an opportunity to push yourself upward and reach even greater heights than before\u2014psychologists call this Post-Traumatic Growth. And the ability to thrive in chaos, to not just withstand but prosper because of it, is what Professor Nassim Taleb calls Antifragility. <strong>resiliencia<\/strong>. Pero la ca\u00edda es la\u00a0 oportunidad de impulsarte hacia arriba y lograr llegar a\u00fan m\u00e1s alto de donde estabas,\u00a0 a esto los psic\u00f3logos lo llaman: <strong>Crecimiento Post-traum\u00e1tico<\/strong>. Y a la capacidad de nutrirte del caos y prosperar incluso gracias a \u00e9l, el Profesor Nassim Taleb lo llama <strong>Antigragilidad<\/strong>.<\/p>\n<p>The goal of life is not to be free from change, movement, discomfort, or pain\u2014that will happen when you are dead. Your goal is to learn how to leverage these inevitable experiences so they unlock your hidden potential, take you to the next level of expansion, and make you a better human being.<\/p>\n<p>It\u2019s about learning to sustain joy for life even in the middle of the storm, by handling everything that happens\u2014 even pain and fear\u2014positively and constructively. You can learn to manage afflictive emotions, process uncomfortable experiences to extract their nutrients, and grow because of them. This is what it means to practice Emotional Alchemy. <strong>Alquimia Emocional.<\/strong><\/p>\n<p>En este libro te comparto mi aprendizaje de vida (emp\u00edrico), aterrizado con aprendizaje te\u00f3rico y acad\u00e9mico. Es una especie de\u00a0 &#8220;manual&#8221; basado en principios de psicolog\u00eda positiva, logoterapia, estoicismo, tanatolog\u00eda y humanismo, salpicado de an\u00e9cdotas y experiencias personales. Un manual de ideas, ejercicios, intervenciones y reflexiones que puedes aplicar para entrenar el m\u00fasculo de la resiliencia, el crecimiento post-traum\u00e1tico y la antifragilidad.<\/p>\n<h4>\n\t\t&#8220;A veces necesitamos rompernos para saber de qu\u00e9 estarmos hechos.&#8221;\u00a0 -Sandy Mora\n\t<\/h4>\n\t\t\t<a href=\"https:\/\/adbl.co\/3neCorN\" target=\"_blank\" role=\"button\" rel=\"noopener\">\n\t\t\t\t\t\tAUDIO BOOK IN SPANISH\n\t\t\t\t\t<\/a>\n\t\t\t<a href=\"https:\/\/www.amazon.com\/-\/es\/EMOTIONAL-ALCHEMY-transforming-adversity-personal\/dp\/B096LPT39S\/ref=tmm_pap_swatch_0?_encoding=UTF8&amp;dib_tag=se&amp;dib=eyJ2IjoiMSJ9.42UWOjl0gSctA0EesLTn2hkKpq--wvqfndRhD3MQ9XDGjHj071QN20LucGBJIEps.ncBfFORLtnaSsOnwcqJbOPvAfoh9zhaTtLNZ1kuLr4w&amp;qid=1740286701&amp;sr=8-1\" target=\"_blank\" role=\"button\" rel=\"noopener\">\n\t\t\t\t\t\tSOFT COVER BOOK IN ENGLISH\n\t\t\t\t\t<\/a>\n\t\t\t<a href=\"https:\/\/www.amazon.com\/-\/es\/Sandy-Mora-ebook\/dp\/B093ZBGY62\/ref=tmm_kin_swatch_0?_encoding=UTF8&amp;dib_tag=se&amp;dib=eyJ2IjoiMSJ9.42UWOjl0gSctA0EesLTn2hkKpq--wvqfndRhD3MQ9XDGjHj071QN20LucGBJIEps.ncBfFORLtnaSsOnwcqJbOPvAfoh9zhaTtLNZ1kuLr4w&amp;qid=1740286701&amp;sr=8-1\" target=\"_blank\" role=\"button\" rel=\"noopener\">\n\t\t\t\t\t\tKINDLE IN ENGLISH\n\t\t\t\t\t<\/a>\n\t<blockquote><p>&nbsp;<\/p>\n<p>&#8220;Hay luz al final del t\u00fanel. Sandy Mora ofrece una gu\u00eda pr\u00e1ctica, inspiradora y convincente para la resiliencia y el crecimiento personal.&#8221;\u00a0 -Tal Ben-Shahar, autor Best Seller del N.Y. Times y Cofundador de la Happiness Studies Academy.<\/p>\n<p>&nbsp;<\/p><\/blockquote>\n<h2>\n\t\tLIDERES QUE INSPIRAN COLLECTION\n\t<\/h2>\n\t<p>El movimiento &#8220;L\u00edderes que Inspiran&#8221; nace como una iniciativa para conjuntar a expertos de todo latinoam\u00e9rica de diversos temas con el fin de compartir conocimientos y experiencias de valor.<\/p>\n<p>Tengo el privilegio de haber participado como coautora de dos libros del movimiento: &#8220;Crecimiento y desarrollo humano&#8221; y, junto con otros 14 expertos del \u00e1rea de talento y capital humano, lanzamos el libro &#8220;EX y gesti\u00f3n del talento humano&#8221;.<\/p>\n<p>Through the knowledge franchise IMPACTA2, LQI makes all its content accessible to anyone who wants to develop personally and professionally while generating income at the same time.<\/p>\n<p>You can also find the books on amazon.<\/p>\n\t\t\t\t<img decoding=\"async\" src=\"https:\/\/sandy-mora.com\/wp-content\/uploads\/2024\/08\/LQI-300x300.jpg\" alt=\"L\u00edderes que Inspiran. Sandy Mora\" itemprop=\"image\" height=\"300\" width=\"300\" title=\"LQI\" onerror=\"this.style.display='none'\"  \/>\n\t\t\t\t<img decoding=\"async\" src=\"https:\/\/sandy-mora.com\/wp-content\/uploads\/2024\/08\/www.sandy-mora.com-1.jpg\" alt=\"L\u00edderes que Inspiran Sandy Mora\" itemprop=\"image\" height=\"1080\" width=\"1080\" title=\"Sandy Mora L\u00edderes que Inspiran\" onerror=\"this.style.display='none'\"  \/>\n\t\t\t<a href=\"https:\/\/impacta2.com\/?code=HVEXAL64\" target=\"_blank\" role=\"button\" rel=\"noopener\">\n\t\t\t\t\t\t\tGet all LQI content through the IMPACTA2 franchise and gain knowledge and $\n\t\t\t\t\t<\/a>","protected":false},"excerpt":{"rendered":"<p>Cuando decides, avanzas&#8230; Cuando aceptas, transformas&#8230; Cuando agradeces, atraes&#8230; Cuando tienes fe, sucede&#8230; Y cuando act\u00faas desde el amor, todo fluye. &#8211; Sandy Mora Quiero el Audiolibro Quiero el libro Lo quiero leer en Kindle LA ALQUIMIA EMOCIONAL ES EL ARTE DE TRANSFORMAR LA ADVERSIDAD EN ORO DE CONSCIENCIA Y CRECIMIENTO, LA FORMA DE APRENDER [&hellip;]<\/p>","protected":false},"author":1,"featured_media":0,"parent":0,"menu_order":0,"comment_status":"closed","ping_status":"closed","template":"page_landing.php","meta":{"_genesis_hide_title":false,"_genesis_hide_breadcrumbs":false,"_genesis_hide_singular_image":false,"_genesis_hide_footer_widgets":false,"_genesis_custom_body_class":"","_genesis_custom_post_class":"","_genesis_layout":"","_wp_convertkit_post_meta":{"form":"-1","landing_page":"0","tag":"0","restrict_content":"0"},"footnotes":""},"class_list":{"0":"post-13","1":"page","2":"type-page","3":"status-publish","5":"entry","6":"has-post-thumbnail"},"yoast_head":"<!-- This site is optimized with the Yoast SEO plugin v20.2.1 - https:\/\/yoast.com\/wordpress\/plugins\/seo\/ -->\n<title>Alquimia Emocional - Sandy Mora<\/title>\n<meta name=\"robots\" content=\"index, follow, max-snippet:-1, max-image-preview:large, max-video-preview:-1\" \/>\n<link rel=\"canonical\" href=\"https:\/\/sandy-mora.com\/en\/alquimia-emocional\/\" \/>\n<meta property=\"og:locale\" content=\"en_US\" \/>\n<meta property=\"og:type\" content=\"article\" \/>\n<meta property=\"og:title\" content=\"Alquimia Emocional - Sandy Mora\" \/>\n<meta property=\"og:description\" content=\"Cuando decides, avanzas&#8230; Cuando aceptas, transformas&#8230; Cuando agradeces, atraes&#8230; Cuando tienes fe, sucede&#8230; Y cuando act\u00faas desde el amor, todo fluye. &#8211; Sandy Mora Quiero el Audiolibro Quiero el libro Lo quiero leer en Kindle LA ALQUIMIA EMOCIONAL ES EL ARTE DE TRANSFORMAR LA ADVERSIDAD EN ORO DE CONSCIENCIA Y CRECIMIENTO, LA FORMA DE APRENDER [&hellip;]\" \/>\n<meta property=\"og:url\" content=\"https:\/\/sandy-mora.com\/en\/alquimia-emocional\/\" \/>\n<meta property=\"og:site_name\" content=\"Sandy Mora\" \/>\n<meta property=\"article:modified_time\" content=\"2024-10-09T02:25:44+00:00\" \/>\n<meta property=\"og:image\" content=\"https:\/\/sandy-mora.com\/wp-content\/uploads\/2024\/08\/Copia-de-Copy-of-Pop-up-Store-Announcement-Facebook-Post-1024x576.jpg\" \/>\n<meta name=\"twitter:card\" content=\"summary_large_image\" \/>\n<script type=\"application\/ld+json\" class=\"yoast-schema-graph\">{\"@context\":\"https:\/\/schema.org\",\"@graph\":[{\"@type\":\"WebPage\",\"@id\":\"https:\/\/sandy-mora.com\/alquimia-emocional\/\",\"url\":\"https:\/\/sandy-mora.com\/alquimia-emocional\/\",\"name\":\"Alquimia Emocional - Sandy Mora\",\"isPartOf\":{\"@id\":\"https:\/\/sandy-mora.com\/#website\"},\"datePublished\":\"2019-08-06T20:51:01+00:00\",\"dateModified\":\"2024-10-09T02:25:44+00:00\",\"breadcrumb\":{\"@id\":\"https:\/\/sandy-mora.com\/alquimia-emocional\/#breadcrumb\"},\"inLanguage\":\"en-US\",\"potentialAction\":[{\"@type\":\"ReadAction\",\"target\":[\"https:\/\/sandy-mora.com\/alquimia-emocional\/\"]}]},{\"@type\":\"BreadcrumbList\",\"@id\":\"https:\/\/sandy-mora.com\/alquimia-emocional\/#breadcrumb\",\"itemListElement\":[{\"@type\":\"ListItem\",\"position\":1,\"name\":\"Inicio\",\"item\":\"https:\/\/sandy-mora.com\/\"},{\"@type\":\"ListItem\",\"position\":2,\"name\":\"Alquimia Emocional\"}]},{\"@type\":\"WebSite\",\"@id\":\"https:\/\/sandy-mora.com\/#website\",\"url\":\"https:\/\/sandy-mora.com\/\",\"name\":\"Sandy Mora\",\"description\":\"Cardi\u00f3loga Organizacional \/ Alquimia Emocional\/ Florecimiento Humano\",\"potentialAction\":[{\"@type\":\"SearchAction\",\"target\":{\"@type\":\"EntryPoint\",\"urlTemplate\":\"https:\/\/sandy-mora.com\/?s={search_term_string}\"},\"query-input\":\"required name=search_term_string\"}],\"inLanguage\":\"en-US\"}]}<\/script>\n<!-- \/ Yoast SEO plugin. -->","yoast_head_json":{"title":"Alquimia Emocional - Sandy Mora","robots":{"index":"index","follow":"follow","max-snippet":"max-snippet:-1","max-image-preview":"max-image-preview:large","max-video-preview":"max-video-preview:-1"},"canonical":"https:\/\/sandy-mora.com\/en\/alquimia-emocional\/","og_locale":"en_US","og_type":"article","og_title":"Alquimia Emocional - Sandy Mora","og_description":"Cuando decides, avanzas&#8230; Cuando aceptas, transformas&#8230; Cuando agradeces, atraes&#8230; Cuando tienes fe, sucede&#8230; Y cuando act\u00faas desde el amor, todo fluye. &#8211; Sandy Mora Quiero el Audiolibro Quiero el libro Lo quiero leer en Kindle LA ALQUIMIA EMOCIONAL ES EL ARTE DE TRANSFORMAR LA ADVERSIDAD EN ORO DE CONSCIENCIA Y CRECIMIENTO, LA FORMA DE APRENDER [&hellip;]","og_url":"https:\/\/sandy-mora.com\/en\/alquimia-emocional\/","og_site_name":"Sandy Mora","article_modified_time":"2024-10-09T02:25:44+00:00","og_image":[{"url":"https:\/\/sandy-mora.com\/wp-content\/uploads\/2024\/08\/Copia-de-Copy-of-Pop-up-Store-Announcement-Facebook-Post-1024x576.jpg"}],"twitter_card":"summary_large_image","schema":{"@context":"https:\/\/schema.org","@graph":[{"@type":"WebPage","@id":"https:\/\/sandy-mora.com\/alquimia-emocional\/","url":"https:\/\/sandy-mora.com\/alquimia-emocional\/","name":"Alquimia Emocional - Sandy Mora","isPartOf":{"@id":"https:\/\/sandy-mora.com\/#website"},"datePublished":"2019-08-06T20:51:01+00:00","dateModified":"2024-10-09T02:25:44+00:00","breadcrumb":{"@id":"https:\/\/sandy-mora.com\/alquimia-emocional\/#breadcrumb"},"inLanguage":"en-US","potentialAction":[{"@type":"ReadAction","target":["https:\/\/sandy-mora.com\/alquimia-emocional\/"]}]},{"@type":"BreadcrumbList","@id":"https:\/\/sandy-mora.com\/alquimia-emocional\/#breadcrumb","itemListElement":[{"@type":"ListItem","position":1,"name":"Inicio","item":"https:\/\/sandy-mora.com\/"},{"@type":"ListItem","position":2,"name":"Alquimia Emocional"}]},{"@type":"WebSite","@id":"https:\/\/sandy-mora.com\/#website","url":"https:\/\/sandy-mora.com\/","name":"Sandy Mora","description":"Cardi\u00f3loga Organizacional \/ Alquimia Emocional\/ Florecimiento Humano","potentialAction":[{"@type":"SearchAction","target":{"@type":"EntryPoint","urlTemplate":"https:\/\/sandy-mora.com\/?s={search_term_string}"},"query-input":"required name=search_term_string"}],"inLanguage":"en-US"}]}},"_links":{"self":[{"href":"https:\/\/sandy-mora.com\/en\/wp-json\/wp\/v2\/pages\/13","targetHints":{"allow":["GET"]}}],"collection":[{"href":"https:\/\/sandy-mora.com\/en\/wp-json\/wp\/v2\/pages"}],"about":[{"href":"https:\/\/sandy-mora.com\/en\/wp-json\/wp\/v2\/types\/page"}],"author":[{"embeddable":true,"href":"https:\/\/sandy-mora.com\/en\/wp-json\/wp\/v2\/users\/1"}],"replies":[{"embeddable":true,"href":"https:\/\/sandy-mora.com\/en\/wp-json\/wp\/v2\/comments?post=13"}],"version-history":[{"count":28,"href":"https:\/\/sandy-mora.com\/en\/wp-json\/wp\/v2\/pages\/13\/revisions"}],"predecessor-version":[{"id":1918,"href":"https:\/\/sandy-mora.com\/en\/wp-json\/wp\/v2\/pages\/13\/revisions\/1918"}],"wp:attachment":[{"href":"https:\/\/sandy-mora.com\/en\/wp-json\/wp\/v2\/media?parent=13"}],"curies":[{"name":"wp","href":"https:\/\/api.w.org\/{rel}","templated":true}]}}