{"id":1658,"date":"2024-08-28T21:25:19","date_gmt":"2024-08-29T03:25:19","guid":{"rendered":"https:\/\/sandy-mora.com\/?page_id=1658"},"modified":"2025-02-20T17:15:47","modified_gmt":"2025-02-20T23:15:47","slug":"sobremi","status":"publish","type":"page","link":"https:\/\/sandy-mora.com\/en\/sobremi\/","title":{"rendered":"Sobre M\u00ed"},"content":{"rendered":"<h2>\n\t\tSANDY MORA\n\t<\/h2>\n<h2>\n\t\tLA CARDI\u00d3LOGA ORGANIZACIONAL | L\u00cdDER EN FLORECIMIENTO HUMANO | SPEAKER | FORMACI\u00d3N | CONSULTOR\u00cdA | MENTOR\u00cdA\n\t<\/h2>\n<h2>\n\t\tTRAYECTORIA PROFESIONAL\n\t<\/h2>\n\t<p>Lic. en Ciencias de la comunicaci\u00f3n con mas de 20 a\u00f1os de experiencia en el mundo corporativo en empresas trasnacionales liderando equipos internacionales en \u00e1reas de Publicidad, promociones\u00a0 y Mercadotecnia.<\/p>\n<ul>\n<li>Maestr\u00eda en Desarrollo del Potencial Humano y 10 a\u00f1os de experiencia como capacitadora y tallerista.<\/li>\n<li>Keynote speaker internacional y conferencista TEDx<\/li>\n<li>Certificada en Estudios de la Felicidad por la Happiness Studies Academy.<\/li>\n<li>Certificada como Chief Wellbeing Officer por la World Happiness Foundation.<\/li>\n<li>Autora Best seller de Amazon: &#8220;Alquimia Emocional, el arte de transformar la adversidad en oro para tu crecimiento&#8221;.<\/li>\n<li>Co-autora de los libros &#8220;EX y gesti\u00f3n del talento Humano&#8221; y &#8220;Crecimiento\u00a0 y desarrollo personal&#8221; del movimiento: L\u00edderes Que Inspiran.<\/li>\n<li>Diplomados en: Habilidades Gerenciales, Empowerment e Innovaci\u00f3n Social.<\/li>\n<li>Miembro de la Sociedad Mexicana de Psicolog\u00eda Positiva.<\/li>\n<li>Galard\u00f3n Forjadores de M\u00e9xico a la trayectoria Profesional 2021.<\/li>\n<li>Licensed Facilitator de &#8220;Happiness Certification for Organizations&#8221; y &#8220;Uppiness&#8221;<\/li>\n<li>Actualmente soy Gerente Ejecutiva del Happiness Studies Academy Alumni &amp; Business Club, liderando un equipo de 45 voluntarios de todo el mundo y sirviendo a una comunidad de m\u00e1s de 4K alumnos de 94 paises.<\/li>\n<\/ul>\n<h1>\n\t\tCUIDAR EL CORAZ\u00d3N DE LAS ORGANIZACIONES PARA UN CRECIMIENTO SANO Y SOSTENIBLE. PORQUE CUANDO LAS PERSONAS FLORECEN, LOS RESULTADOS CRECEN\n\t<\/h1>\n<h2>\n\t\tBIO\n\t<\/h2>\n\t<iframe title=\"Controlas o fluyes. Resistencia no es resiliencia. | Sandy Mora | TEDxCoatzacoalcos\" width=\"500\" height=\"281\" src=\"https:\/\/www.youtube.com\/embed\/75fIpO0HXTk?feature=oembed\" frameborder=\"0\" allow=\"accelerometer; autoplay; clipboard-write; encrypted-media; gyroscope; picture-in-picture; web-share\" referrerpolicy=\"strict-origin-when-cross-origin\" allowfullscreen><\/iframe>\n\t<iframe title=\"Sandy Mora - Organizaciones Emocionalmente Responsables - LQI Nuevo Le\u00f3n 2023\" width=\"500\" height=\"281\" src=\"https:\/\/www.youtube.com\/embed\/WEjcFuDUoHI?feature=oembed\" frameborder=\"0\" allow=\"accelerometer; autoplay; clipboard-write; encrypted-media; gyroscope; picture-in-picture; web-share\" referrerpolicy=\"strict-origin-when-cross-origin\" allowfullscreen><\/iframe>\n\t\t\t\t<img fetchpriority=\"high\" decoding=\"async\" src=\"https:\/\/sandy-mora.com\/wp-content\/uploads\/2024\/08\/DSC_2807-scaled.jpg\" alt=\"FLorecimiento Humano y Organizacional\" itemprop=\"image\" height=\"1709\" width=\"2560\" title=\"Sandy Mora\" onerror=\"this.style.display='none'\"  \/>\n\t<p>\u00a1Hola! soy Sandy Mora, y te ayudo a ti y a tu organizaci\u00f3n a cuidar el coraz\u00f3n de la empresa a trav\u00e9s de crear culturas emocionalmente responsables donde las personas y los resultados prosperan de la mano. Me especializo en:<\/p>\n<ul>\n<li><strong>Antifragilidad, Resiliencia y Adaptaci\u00f3n al cambio.<\/strong><\/li>\n<li><strong>Inteligencia y Alquimia Emocional<\/strong><\/li>\n<li><strong>Liderazgo Positivo y de coraz\u00f3n abierto.<\/strong><\/li>\n<li><strong>Felicidad y<\/strong>\u00a0<strong>bienestar como eje estrat\u00e9gico.<\/strong><\/li>\n<\/ul>\n<h3>\n\t\tM\u00e1s all\u00e1 del curr\u00edculum: Lo que aprend\u00ed sobre la importancia de conectar raz\u00f3n con coraz\u00f3n.\n\t<\/h3>\n\t<p>Durante mucho tiempo, viv\u00ed creyendo que mi valor como persona y como l\u00edder resid\u00eda en mi intelecto, en mi capacidad resolutiva, en mantener mis emociones bajo control, en mostrarme capaz e infalible&#8230; Crec\u00ed con la idea de que el coraz\u00f3n deb\u00eda mantenerse al margen, protegido para no sufrir. \u00a1Ah! \u00a1Qu\u00e9 equivocada estaba!<\/p>\n\n<p>En mi vida personal, me toc\u00f3 aprender a la mala. La <strong>&#8220;Subcomandante Mora&#8221;<\/strong>, como me apodaron en la Universidad, tuvo que enfrentar dos divorcios, la enfermedad cr\u00f3nica de un hijo, el c\u00e1ncer de mama, y una serie de desaf\u00edos que me obligaron a cuestionar TODOS mis paradigmas. Fue as\u00ed que comprend\u00ed que separar coraz\u00f3n y raz\u00f3n es una respuesta al miedo y la inseguridad que no es sostenible y enferma. <strong>Vivir en ese estado en una organizaci\u00f3n lleva a vivir en modo supervivencia, fomenta competencia desmedida, desconfianza,\u00a0 perfeccionismo insano, control r\u00edgido y una desconexi\u00f3n profunda con el prop\u00f3sito y sentido de nuestro esfuerzo.<\/strong><\/p>\n\n<p>Los desaf\u00edos personales que enfrent\u00e9 me hicieron comprender que <strong>separar el coraz\u00f3n de la raz\u00f3n<\/strong> en la vida laboral no solo es insostenible, sino da\u00f1ino. La desconexi\u00f3n emocional en las organizaciones est\u00e1 generando altos niveles de <strong>rotaci\u00f3n<\/strong>, <strong>bajo compromiso<\/strong> y <strong>estr\u00e9s laboral<\/strong>, y es algo que debemos transformar.<\/p>\n\t\t\t<blockquote><p>&#8220;Durante a\u00f1os, cre\u00ed que el \u00e9xito estaba solo en el intelecto y la raz\u00f3n. Pero tras enfrentar desaf\u00edos personales y profesionales que sacudieron mi vida, comprend\u00ed que el verdadero liderazgo nace cuando conectamos la raz\u00f3n con el coraz\u00f3n. Hoy, me dedico a ayudar a l\u00edderes y organizaciones a lograr precisamente eso: integrar la humanidad, el amor y la felicidad en el lugar de trabajo para obtener resultados extraordinarios, medibles\u00a0 y sostenibles. Las personas simpre deben ir primero que los n\u00fameros.&#8221;<\/p><\/blockquote>\t\t\n<h3>\n\t\tFlorecimiento humano y salud cardiaca organizacional: Liderazgo con prop\u00f3sito y basado en el amor\n\t<\/h3>\n\t\n<p>Cuando conectamos el coraz\u00f3n con nuestra tarea diaria como l\u00edderes, la <strong>colaboraci\u00f3n<\/strong>, la <strong>confianza<\/strong> y la <strong>vulnerabilidad<\/strong> permiten que florezcan tanto las personas como los resultados de forma sostenible.<\/p>\n\n<p>Esto no es solo teor\u00eda, sino un enfoque <strong>respaldado por la ciencia y la evidencia.<\/strong> <strong>El liderazgo emocionalmente responsable<\/strong> no solo mejora el ambiente laboral, sino que tambi\u00e9n nos hace m\u00e1s <strong>resilientes<\/strong> y <strong>creativos<\/strong>.<\/p>\n\n<p>Estoy aqu\u00ed para mostrarte una manera diferente de ver la vida y el trabajo: <strong>desde el amor.<\/strong> El amor y la responsabilidad emocional en el liderazgo y la cultura organizacional nos permiten aprender de los dem\u00e1s, de los errores, manejar mejor el estr\u00e9s y el cambio y crear equipos antifr\u00e1giles, m\u00e1s \u00e1giles y flexibles.<\/p>\n\n<p><strong>Estoy aqu\u00ed para guiarte y acompa\u00f1arte a ti, <\/strong><strong>a tu equipo y a tu organizaci\u00f3n a transformarse, fortalecer el coraz\u00f3n y florecer. Quiero que despierten cada lunes con energ\u00eda y entusiasmo por enfrentar los retos de la semana, sabiendo que el camino hacia el \u00e9xito es m\u00e1s humano, m\u00e1s pleno, y m\u00e1s sostenible cuando lo caminamos juntos, integrando raz\u00f3n y coraz\u00f3n en la ecuaci\u00f3n.<\/strong><\/p>\n<p>&nbsp;<\/p>\n\t\t\t\t<img decoding=\"async\" src=\"https:\/\/sandy-mora.com\/wp-content\/uploads\/2024\/08\/23-150x150.png\" alt=\"23\" itemprop=\"image\" height=\"150\" width=\"150\" title=\"23\" onerror=\"this.style.display='none'\"  \/>\n\t\t\t\t<img decoding=\"async\" src=\"https:\/\/sandy-mora.com\/wp-content\/uploads\/2024\/11\/Facilitator-150x150.png\" alt=\"Facilitator\" itemprop=\"image\" height=\"150\" width=\"150\" title=\"Facilitator\" onerror=\"this.style.display='none'\"  \/>\n\t\t\t\t<img loading=\"lazy\" decoding=\"async\" src=\"https:\/\/sandy-mora.com\/wp-content\/uploads\/2024\/08\/www.sandy-mora.com-2-150x150.jpg\" alt=\"www.sandy-mora.com (2)\" itemprop=\"image\" height=\"150\" width=\"150\" title=\"www.sandy-mora.com (2)\" onerror=\"this.style.display='none'\"  \/>\n\t\t\t\t<img loading=\"lazy\" decoding=\"async\" src=\"https:\/\/sandy-mora.com\/wp-content\/uploads\/2024\/08\/24-150x150.png\" alt=\"24\" itemprop=\"image\" height=\"150\" width=\"150\" title=\"24\" onerror=\"this.style.display='none'\"  \/>\n\t\t\t\t<img loading=\"lazy\" decoding=\"async\" src=\"https:\/\/sandy-mora.com\/wp-content\/uploads\/2024\/11\/certificacio\u0301n-300x300.png\" alt=\"certificacio\u0301n\" itemprop=\"image\" height=\"300\" width=\"300\" title=\"certificacio\u0301n\" onerror=\"this.style.display='none'\"  \/>\n\t\t\t\t<img loading=\"lazy\" decoding=\"async\" src=\"https:\/\/sandy-mora.com\/wp-content\/uploads\/2024\/08\/25-150x150.png\" alt=\"25\" itemprop=\"image\" height=\"150\" width=\"150\" title=\"25\" onerror=\"this.style.display='none'\"  \/>\n\t<blockquote><p>Soy una apasionada del aprendizaje y la mejora continua y uno de mis s\u00faper poderes es saber traducir teor\u00eda y conceptos complejos en informaci\u00f3n pr\u00e1ctica, accionable y f\u00e1cil de entender.<\/p>\n<p>Me gu\u00edo con los valores del Amor, la integridad, la gratitud, la contribuci\u00f3n, el coraje, la colaboraci\u00f3n y la responsabilidad.<\/p>\n<p>Creo en la naturaleza bondadosa y expansiva del ser humano, en el potencial que todos llevamos dentro y en la responsabilidad que cada uno tenemos de trabajar en nosotros mismos para que florezca. Tambi\u00e9n soy una convencida de la responsabilidad que como l\u00edderes tenemos de brindar tierra f\u00e9rtil para que nuestra gente de sus mejore frutos.<\/p><\/blockquote>\n<h4>\n\t\tGALERIA\n\t<\/h4>\n<h4>\n\t\t\u00a1CONECTEMOS!\n\t<\/h4>\n<h3>\n\t\t\u00bfListo para transformar tu organizaci\u00f3n? \u00a1Trabajemos juntos!\n\t<\/h3>\n\t<p>Con\u00e9ctate conmigo para definir c\u00f3mo puedo ayudarte a fortalecer el liderazgo y transformar tu organizaci\u00f3n en un lugar de trabajo con un coraz\u00f3n saludable, <strong>resiliente<\/strong> y <strong>emocionalmente responsable<\/strong> donde todos florezcan. <strong>Env\u00edame un mensaje<\/strong> y comencemos a construir un futuro mejor para ti, tu equipo y tu empresa.<\/p>\n\t\t\t<a href=\"https:\/\/sandy-mora.com\/en\/contacto\/\" target=\"_blank\" rel=\"noopener\">\n\t\t\t\t\t\tCont\u00e1ctame\n\t\t\t\t\t<\/a>","protected":false},"excerpt":{"rendered":"<p>SANDY MORA LA CARDI\u00d3LOGA ORGANIZACIONAL | L\u00cdDER EN FLORECIMIENTO HUMANO | SPEAKER | FORMACI\u00d3N | CONSULTOR\u00cdA | MENTOR\u00cdA TRAYECTORIA PROFESIONAL Lic. en Ciencias de la comunicaci\u00f3n con mas de 20 a\u00f1os de experiencia en el mundo corporativo en empresas trasnacionales liderando equipos internacionales en \u00e1reas de Publicidad, promociones\u00a0 y Mercadotecnia. Maestr\u00eda en Desarrollo del Potencial [&hellip;]<\/p>","protected":false},"author":2,"featured_media":0,"parent":0,"menu_order":0,"comment_status":"closed","ping_status":"closed","template":"page_landing.php","meta":{"_genesis_hide_title":false,"_genesis_hide_breadcrumbs":false,"_genesis_hide_singular_image":false,"_genesis_hide_footer_widgets":false,"_genesis_custom_body_class":"","_genesis_custom_post_class":"","_genesis_layout":"","footnotes":""},"class_list":{"0":"post-1658","1":"page","2":"type-page","3":"status-publish","5":"entry","6":"has-post-thumbnail"},"yoast_head":"<!-- This site is optimized with the Yoast SEO plugin v20.2.1 - https:\/\/yoast.com\/wordpress\/plugins\/seo\/ -->\n<title>Sobre M\u00ed - Sandy Mora<\/title>\n<meta name=\"description\" content=\"Sandy Mora: L\u00edder en Florecimiento Humano y Organizacional. Speaker especialista en resiliencia, inteligencia emocional y bienestar laboral.\" \/>\n<meta name=\"robots\" content=\"index, follow, max-snippet:-1, max-image-preview:large, max-video-preview:-1\" \/>\n<link rel=\"canonical\" href=\"https:\/\/sandy-mora.com\/en\/sobremi\/\" \/>\n<meta property=\"og:locale\" content=\"en_US\" \/>\n<meta property=\"og:type\" content=\"article\" \/>\n<meta property=\"og:title\" content=\"Sobre M\u00ed - Sandy Mora\" \/>\n<meta property=\"og:description\" content=\"Sandy Mora: L\u00edder en Florecimiento Humano y Organizacional. Speaker especialista en resiliencia, inteligencia emocional y bienestar laboral.\" \/>\n<meta property=\"og:url\" content=\"https:\/\/sandy-mora.com\/en\/sobremi\/\" \/>\n<meta property=\"og:site_name\" content=\"Sandy Mora\" \/>\n<meta property=\"article:modified_time\" content=\"2025-02-20T23:15:47+00:00\" \/>\n<meta property=\"og:image\" content=\"https:\/\/sandy-mora.com\/wp-content\/uploads\/2024\/08\/DSC_2807-scaled.jpg\" \/>\n<meta name=\"twitter:card\" content=\"summary_large_image\" \/>\n<script type=\"application\/ld+json\" class=\"yoast-schema-graph\">{\"@context\":\"https:\/\/schema.org\",\"@graph\":[{\"@type\":\"WebPage\",\"@id\":\"https:\/\/sandy-mora.com\/sobremi\/\",\"url\":\"https:\/\/sandy-mora.com\/sobremi\/\",\"name\":\"Sobre M\u00ed - Sandy Mora\",\"isPartOf\":{\"@id\":\"https:\/\/sandy-mora.com\/#website\"},\"datePublished\":\"2024-08-29T03:25:19+00:00\",\"dateModified\":\"2025-02-20T23:15:47+00:00\",\"description\":\"Sandy Mora: L\u00edder en Florecimiento Humano y Organizacional. Speaker especialista en resiliencia, inteligencia emocional y bienestar laboral.\",\"breadcrumb\":{\"@id\":\"https:\/\/sandy-mora.com\/sobremi\/#breadcrumb\"},\"inLanguage\":\"en-US\",\"potentialAction\":[{\"@type\":\"ReadAction\",\"target\":[\"https:\/\/sandy-mora.com\/sobremi\/\"]}]},{\"@type\":\"BreadcrumbList\",\"@id\":\"https:\/\/sandy-mora.com\/sobremi\/#breadcrumb\",\"itemListElement\":[{\"@type\":\"ListItem\",\"position\":1,\"name\":\"Inicio\",\"item\":\"https:\/\/sandy-mora.com\/\"},{\"@type\":\"ListItem\",\"position\":2,\"name\":\"Sobre M\u00ed\"}]},{\"@type\":\"WebSite\",\"@id\":\"https:\/\/sandy-mora.com\/#website\",\"url\":\"https:\/\/sandy-mora.com\/\",\"name\":\"Sandy Mora\",\"description\":\"Cardi\u00f3loga Organizacional \/ Alquimia Emocional\/ Florecimiento Humano\",\"potentialAction\":[{\"@type\":\"SearchAction\",\"target\":{\"@type\":\"EntryPoint\",\"urlTemplate\":\"https:\/\/sandy-mora.com\/?s={search_term_string}\"},\"query-input\":\"required name=search_term_string\"}],\"inLanguage\":\"en-US\"}]}<\/script>\n<!-- \/ Yoast SEO plugin. -->","yoast_head_json":{"title":"Sobre M\u00ed - Sandy Mora","description":"Sandy Mora: L\u00edder en Florecimiento Humano y Organizacional. Speaker especialista en resiliencia, inteligencia emocional y bienestar laboral.","robots":{"index":"index","follow":"follow","max-snippet":"max-snippet:-1","max-image-preview":"max-image-preview:large","max-video-preview":"max-video-preview:-1"},"canonical":"https:\/\/sandy-mora.com\/en\/sobremi\/","og_locale":"en_US","og_type":"article","og_title":"Sobre M\u00ed - Sandy Mora","og_description":"Sandy Mora: L\u00edder en Florecimiento Humano y Organizacional. Speaker especialista en resiliencia, inteligencia emocional y bienestar laboral.","og_url":"https:\/\/sandy-mora.com\/en\/sobremi\/","og_site_name":"Sandy Mora","article_modified_time":"2025-02-20T23:15:47+00:00","og_image":[{"url":"https:\/\/sandy-mora.com\/wp-content\/uploads\/2024\/08\/DSC_2807-scaled.jpg"}],"twitter_card":"summary_large_image","schema":{"@context":"https:\/\/schema.org","@graph":[{"@type":"WebPage","@id":"https:\/\/sandy-mora.com\/sobremi\/","url":"https:\/\/sandy-mora.com\/sobremi\/","name":"Sobre M\u00ed - Sandy Mora","isPartOf":{"@id":"https:\/\/sandy-mora.com\/#website"},"datePublished":"2024-08-29T03:25:19+00:00","dateModified":"2025-02-20T23:15:47+00:00","description":"Sandy Mora: L\u00edder en Florecimiento Humano y Organizacional. Speaker especialista en resiliencia, inteligencia emocional y bienestar laboral.","breadcrumb":{"@id":"https:\/\/sandy-mora.com\/sobremi\/#breadcrumb"},"inLanguage":"en-US","potentialAction":[{"@type":"ReadAction","target":["https:\/\/sandy-mora.com\/sobremi\/"]}]},{"@type":"BreadcrumbList","@id":"https:\/\/sandy-mora.com\/sobremi\/#breadcrumb","itemListElement":[{"@type":"ListItem","position":1,"name":"Inicio","item":"https:\/\/sandy-mora.com\/"},{"@type":"ListItem","position":2,"name":"Sobre M\u00ed"}]},{"@type":"WebSite","@id":"https:\/\/sandy-mora.com\/#website","url":"https:\/\/sandy-mora.com\/","name":"Sandy Mora","description":"Cardi\u00f3loga Organizacional \/ Alquimia Emocional\/ Florecimiento Humano","potentialAction":[{"@type":"SearchAction","target":{"@type":"EntryPoint","urlTemplate":"https:\/\/sandy-mora.com\/?s={search_term_string}"},"query-input":"required name=search_term_string"}],"inLanguage":"en-US"}]}},"_links":{"self":[{"href":"https:\/\/sandy-mora.com\/en\/wp-json\/wp\/v2\/pages\/1658","targetHints":{"allow":["GET"]}}],"collection":[{"href":"https:\/\/sandy-mora.com\/en\/wp-json\/wp\/v2\/pages"}],"about":[{"href":"https:\/\/sandy-mora.com\/en\/wp-json\/wp\/v2\/types\/page"}],"author":[{"embeddable":true,"href":"https:\/\/sandy-mora.com\/en\/wp-json\/wp\/v2\/users\/2"}],"replies":[{"embeddable":true,"href":"https:\/\/sandy-mora.com\/en\/wp-json\/wp\/v2\/comments?post=1658"}],"version-history":[{"count":32,"href":"https:\/\/sandy-mora.com\/en\/wp-json\/wp\/v2\/pages\/1658\/revisions"}],"predecessor-version":[{"id":1968,"href":"https:\/\/sandy-mora.com\/en\/wp-json\/wp\/v2\/pages\/1658\/revisions\/1968"}],"wp:attachment":[{"href":"https:\/\/sandy-mora.com\/en\/wp-json\/wp\/v2\/media?parent=1658"}],"curies":[{"name":"wp","href":"https:\/\/api.w.org\/{rel}","templated":true}]}}