{"id":1692,"date":"2024-08-28T21:28:38","date_gmt":"2024-08-29T03:28:38","guid":{"rendered":"https:\/\/sandy-mora.com\/?page_id=1692"},"modified":"2025-02-22T17:48:08","modified_gmt":"2025-02-22T23:48:08","slug":"servicios","status":"publish","type":"page","link":"https:\/\/sandy-mora.com\/en\/servicios\/","title":{"rendered":"Services"},"content":{"rendered":"<p>These are the tools I put at your service so that together we can revitalize your company's pulse, strengthen the organizational heartbeat, and transform your people's experience by putting heart into the results.<\/p>\n<p>Let\u2019s talk to tailor them to the specific needs of your team or event.<\/p>\n\t<iframe title=\"Controlas o fluyes. Resistencia no es resiliencia. | Sandy Mora | TEDxCoatzacoalcos\" width=\"500\" height=\"281\" src=\"https:\/\/www.youtube.com\/embed\/75fIpO0HXTk?feature=oembed\" frameborder=\"0\" allow=\"accelerometer; autoplay; clipboard-write; encrypted-media; gyroscope; picture-in-picture; web-share\" referrerpolicy=\"strict-origin-when-cross-origin\" allowfullscreen><\/iframe>\n<h2>\n\t\tCONFERENCES THAT INJECT ENERGY AND PLANT SEEDS OF CHANGE\n\t<\/h2>\n\t<p>As a speaker, I defibrillate and revive hearts, remove the anesthesia from consciousness, inject doses of reflection, share strategies, and inspire action with experiences that plant transformative ideas in a clear and engaging way, using practical and useful tools.<\/p>\n<p>For whom? Whether for HR Leaders, executive and managerial teams, and employees within your organization, or for conferences, conventions, and industry and association events, I would love to help revive hearts for success.<\/p>\n\t<h4>Thematic Pillars<\/h4>\n\t<h4><strong>1. Resilience, Antifragility and Change<\/strong><br \/>\nOvercoming adversity and embracing change as a driver of growth.<\/h4>\n<ul>\n<li><strong>&#8220;Alquimia Emocional: El Arte de la<\/strong><br \/>\n<strong>Antifragilidad&#8221;<\/strong> Learn to transform adversity into gold with a 6 steps formula.<\/li>\n<li><strong>Crisis or Growth? The Paradox of<\/strong><br \/>\n<strong>Cambio&#8221;<\/strong> Identify and overcome internal barriers to change.<\/li>\n<li><strong>&#8220;Antifragilidad Humana frente a la <\/strong><strong>Revoluci\u00f3n Tecnol\u00f3gica&#8221;<\/strong> Discover the 4 Human Superpowers to Successfully Face the Challenges of the Future.<\/li>\n<\/ul>\n\t<h4><strong>2. Happiness and Wellbeing<\/strong><br \/>\nPurpose, balance, and self-compassion as the foundations of personal and organizational well-being.<\/h4>\n<ul>\n<li><strong>&#8220;El S\u00edndrome de la Mujer Maravilla&#8221;<\/strong><br \/>\nTransform perfection beliefs and learn to lead with balance.<\/li>\n<li><strong>&#8220;Los Regalos de mi C\u00e1ncer&#8221;<\/strong> Find purpose and lessons in the most difficult moments.<\/li>\n<li><strong>&#8220;Las 5 Llaves de la Felicidad&#8221;<\/strong><br \/>\nPractical tools for a more fulfilling life.<\/li>\n<li><strong>&#8220;Calibra tu GPS interno&#8221;<\/strong> A guide to living in alignment with the purpose of your true self.<\/li>\n<\/ul>\n\t<h4><strong>3. Leadership and Organizational <\/strong><strong>Development<\/strong><br \/>\nPromoting cultures based on trust, well-being, and positive leadership.<\/h4>\n<ul>\n<li><strong>&#8220;Organizaciones Emocionalmente <\/strong><strong>Organizations, the new paradigm <\/strong><strong>para la nueva era del trabajo.&#8221; <\/strong>Lead with the H.A.P.P.i. model to create wellbeing that transforms into results.<\/li>\n<li><strong>&#8220;Trata a tus Colaboradores como <\/strong><strong>Voluntarios&#8221;<\/strong> A disruptive perspective for leaders who seek to inspire genuine commitment.<\/li>\n<\/ul>\n\t\t\t<a href=\"https:\/\/sandy-mora.com\/en\/contacto\/\" target=\"_self\">\n\t\t\t\t\t\t\tI WANT TO HIRE A CONFERENCE\n\t\t\t<\/a>\n<h2>\n\t\tTRAINING AND INTERVENTIONS TO STRENGTHEN THE HEARTBEAT OF YOUR ORGANIZATION: COURSES AND WORKSHOPS\n\t<\/h2>\n\t<p>Let\u2019s equip your leaders and their teams with practical tools and skills to transform themselves, enhance the employee experience, promote mental health, well-being, flourish, and achieve better results sustainably.\nWhether for specific topics or medium- and long-term development programs, the focus is on intervening with an open heart to connect objectives with a transcendent purpose.<\/p>\n<p><strong>SUBJECTS:<\/strong><\/p>\n<ul>\n<li><strong>Happiness and Wellbeing:<\/strong>From dissatisfaction to sustainable fulfillment.<\/li>\n<li><strong>Stress Management:<\/strong>From Burnout to sustainable energy.<\/li>\n<li><strong>Positive Leadership:<\/strong>From self-serving and commanding to serving and inspiring.<\/li>\n<li><strong>Psychological Safety:<\/strong>From Fear to Trust.<\/li>\n<li><strong>Antifragile Teams:<\/strong>: Del &#8220;no se puede&#8221; al alto desempe\u00f1o.<\/li>\n<li><strong>Resilience and Change Management:<\/strong>From rigidity to agile flexibility.<\/li>\n<li><strong>Emotional Intelligence and Responsibility:<\/strong>From reactivity to conscious and constructive self-management.<\/li>\n<li><strong>Purpose<\/strong> (Internal GPS): From autopilot to clarity that inspires.<\/li>\n<\/ul>\n\t\t\t<a href=\"https:\/\/sandy-mora.com\/en\/contacto\/\" target=\"_self\">\n\t\t\t\t\t\t\tI WANT TO HIRE TRAINING\n\t\t\t<\/a>\n\t\t\t\t<img fetchpriority=\"high\" decoding=\"async\" src=\"https:\/\/sandy-mora.com\/wp-content\/uploads\/2024\/08\/20230526_181945-scaled.jpg\" alt=\"20230526_181945\" itemprop=\"image\" height=\"1920\" width=\"2560\" title=\"20230526_181945\" onerror=\"this.style.display='none'\"  \/>\n\t\t\t\t<img decoding=\"async\" src=\"https:\/\/sandy-mora.com\/wp-content\/uploads\/2019\/08\/DSC_5373-1024x684.jpg\" alt=\"DSC_5373\" itemprop=\"image\" height=\"684\" width=\"1024\" title=\"DSC_5373\" onerror=\"this.style.display='none'\"  \/>\n<h2>\n\t\tDIAGN\u00d3STICO DE S\u00cdNTOMAS Y OPTIMIZACI\u00d3N DEL PULSO ORGANIZACIONAL- CONSULTOR\u00cdA ESTRAT\u00c9GICA\n\t<\/h2>\n\t<p>I work closely with the leadership team and human resources to identify and overcome obstacles, from cultural to KPI-related, that are preventing people from flourishing and affecting the heart health of the organization.<\/p>\n<p>Together, we align the 5 aspects of the <a href=\"https:\/\/sandy-mora.com\/en\/modelofeliz\/\"><strong>H.A.P.P.I. Model<\/strong><\/a> to build a human and Emotionally Responsible Organization where the heart beats strong, people flourish, and results grow in a healthy and sustainable way.<\/p>\n\t\t\t<a href=\"https:\/\/sandy-mora.com\/en\/contacto\/\" target=\"_self\">\n\t\t\t\t\t\t\tI NEED CONSULTING\n\t\t\t<\/a>\n<h2>\n\t\tPREVENTIVE CARE AND HEALTH CERTIFICATION: HAPPINESS CERTIFICATION FOR ORGANIZATIONS\n\t<\/h2>\n\t<p>As part of strategic consulting, I can offer you the Happiness Certification for Organizations, endorsed by the Happiness Studies Academy, an international educational institution exclusively focused on the field of happiness, supported by science and evidence.<\/p>\n<p>The certification consists of a pre-diagnosis, strategic intervention, leadership team training, and a post-implementation results evaluation.<\/p>\n<p>This certification verifies that your company is taking the necessary steps to keep its heart healthy by ensuring your employees experience well-being and happiness at work, giving you a competitive advantage as an employer brand for talent attraction and retention.<\/p>\n\t\t\t<a href=\"https:\/\/sandy-mora.com\/en\/contacto\/\" target=\"_self\">\n\t\t\t\t\t\t\tI WANT MORE INFORMATION\n\t\t\t<\/a>\n\t\t\t\t<img decoding=\"async\" src=\"https:\/\/pro.demos.wpbeaverbuilder.com\/wp-content\/uploads\/sites\/29\/2021\/08\/field-notes-1536x1025.jpg\" alt=\"\" itemprop=\"image\" onerror=\"this.style.display='none'\"  \/>\n\t\t\t\t<img decoding=\"async\" src=\"https:\/\/sandy-mora.com\/wp-content\/uploads\/2024\/08\/300405964_619092949578869_1662422113732585111_n-1.jpg\" alt=\"300405964_619092949578869_1662422113732585111_n\" itemprop=\"image\" height=\"719\" width=\"960\" title=\"300405964_619092949578869_1662422113732585111_n\" onerror=\"this.style.display='none'\"  \/>\n<h2>\n\t\tBY-PASS TO FUN LEARNING: UPPINESS\n\t<\/h2>\n\t<p>Level up your game at work!<\/p>\n<p>Uppiness is a technology-based edutainment and gamification tool designed to foster team communication and integration while helping them learn how to solve everyday workplace challenges using positive psychology tools.<\/p>\n<p>The session lasts 4 hours and includes a workplace happiness workshop where we share the 5 keys to happiness and interventions to promote it.<\/p>\n<p>The challenges on the platform are customizable to address your team\u2019s top priorities.<\/p>\n\t\t\t<a href=\"https:\/\/sandy-mora.com\/en\/contacto\/\" target=\"_self\">\n\t\t\t\t\t\t\tI WANT MORE INFORMATION\n\t\t\t<\/a>\n<h2>\n\t\tGet in touch and let's talk!\n\t<\/h2>\n\t<p>Whether by phone, Zoom, or WhatsApp. Let's schedule a call to define how I can help you.<\/p>\n\t\t\t<a href=\"https:\/\/sandy-mora.com\/en\/contacto\/\" target=\"_self\">\n\t\t\t\t\t\t\tSCHEDULE A MEETING\n\t\t\t<\/a>","protected":false},"excerpt":{"rendered":"<p>Estas son las herramientas que pongo a tu servicio para que juntos revitalicemos el pulso de tu empresa, fortalezcamos el pulso organizacional y transformemos la experiencia de tu gente, meti\u00e9ndole coraz\u00f3n a los resultados. Platiquemos para adaptarlas a las necesidades espec\u00edficas de tu equipo o evento. CONFERENCIAS QUE INYECTAN ENERG\u00cdA E IMPLANTAN SEMILLAS DE CAMBIO [&hellip;]<\/p>","protected":false},"author":2,"featured_media":0,"parent":0,"menu_order":0,"comment_status":"closed","ping_status":"closed","template":"page_landing.php","meta":{"_genesis_hide_title":false,"_genesis_hide_breadcrumbs":false,"_genesis_hide_singular_image":false,"_genesis_hide_footer_widgets":false,"_genesis_custom_body_class":"","_genesis_custom_post_class":"","_genesis_layout":"","_wp_convertkit_post_meta":{"form":"-1","landing_page":"0","tag":"0","restrict_content":"0"},"footnotes":""},"class_list":{"0":"post-1692","1":"page","2":"type-page","3":"status-publish","5":"entry","6":"has-post-thumbnail"},"yoast_head":"<!-- This site is optimized with the Yoast SEO plugin v20.2.1 - https:\/\/yoast.com\/wordpress\/plugins\/seo\/ -->\n<title>Servicios - Sandy Mora<\/title>\n<meta name=\"robots\" content=\"index, follow, max-snippet:-1, max-image-preview:large, max-video-preview:-1\" \/>\n<link rel=\"canonical\" href=\"https:\/\/sandy-mora.com\/en\/servicios\/\" \/>\n<meta property=\"og:locale\" content=\"en_US\" \/>\n<meta property=\"og:type\" content=\"article\" \/>\n<meta property=\"og:title\" content=\"Servicios - Sandy Mora\" \/>\n<meta property=\"og:description\" content=\"Estas son las herramientas que pongo a tu servicio para que juntos revitalicemos el pulso de tu empresa, fortalezcamos el pulso organizacional y transformemos la experiencia de tu gente, meti\u00e9ndole coraz\u00f3n a los resultados. Platiquemos para adaptarlas a las necesidades espec\u00edficas de tu equipo o evento. CONFERENCIAS QUE INYECTAN ENERG\u00cdA E IMPLANTAN SEMILLAS DE CAMBIO [&hellip;]\" \/>\n<meta property=\"og:url\" content=\"https:\/\/sandy-mora.com\/en\/servicios\/\" \/>\n<meta property=\"og:site_name\" content=\"Sandy Mora\" \/>\n<meta property=\"article:modified_time\" content=\"2025-02-22T23:48:08+00:00\" \/>\n<meta property=\"og:image\" content=\"https:\/\/sandy-mora.com\/wp-content\/uploads\/2024\/08\/20230526_181945-scaled.jpg\" \/>\n<meta name=\"twitter:card\" content=\"summary_large_image\" \/>\n<meta name=\"twitter:label1\" content=\"Est. reading time\" \/>\n\t<meta name=\"twitter:data1\" content=\"5 minutes\" \/>\n<script type=\"application\/ld+json\" class=\"yoast-schema-graph\">{\"@context\":\"https:\/\/schema.org\",\"@graph\":[{\"@type\":\"WebPage\",\"@id\":\"https:\/\/sandy-mora.com\/servicios\/\",\"url\":\"https:\/\/sandy-mora.com\/servicios\/\",\"name\":\"Servicios - Sandy Mora\",\"isPartOf\":{\"@id\":\"https:\/\/sandy-mora.com\/#website\"},\"datePublished\":\"2024-08-29T03:28:38+00:00\",\"dateModified\":\"2025-02-22T23:48:08+00:00\",\"breadcrumb\":{\"@id\":\"https:\/\/sandy-mora.com\/servicios\/#breadcrumb\"},\"inLanguage\":\"en-US\",\"potentialAction\":[{\"@type\":\"ReadAction\",\"target\":[\"https:\/\/sandy-mora.com\/servicios\/\"]}]},{\"@type\":\"BreadcrumbList\",\"@id\":\"https:\/\/sandy-mora.com\/servicios\/#breadcrumb\",\"itemListElement\":[{\"@type\":\"ListItem\",\"position\":1,\"name\":\"Inicio\",\"item\":\"https:\/\/sandy-mora.com\/\"},{\"@type\":\"ListItem\",\"position\":2,\"name\":\"Servicios\"}]},{\"@type\":\"WebSite\",\"@id\":\"https:\/\/sandy-mora.com\/#website\",\"url\":\"https:\/\/sandy-mora.com\/\",\"name\":\"Sandy Mora\",\"description\":\"Cardi\u00f3loga Organizacional \/ Alquimia Emocional\/ Florecimiento Humano\",\"potentialAction\":[{\"@type\":\"SearchAction\",\"target\":{\"@type\":\"EntryPoint\",\"urlTemplate\":\"https:\/\/sandy-mora.com\/?s={search_term_string}\"},\"query-input\":\"required name=search_term_string\"}],\"inLanguage\":\"en-US\"}]}<\/script>\n<!-- \/ Yoast SEO plugin. -->","yoast_head_json":{"title":"Servicios - Sandy Mora","robots":{"index":"index","follow":"follow","max-snippet":"max-snippet:-1","max-image-preview":"max-image-preview:large","max-video-preview":"max-video-preview:-1"},"canonical":"https:\/\/sandy-mora.com\/en\/servicios\/","og_locale":"en_US","og_type":"article","og_title":"Servicios - Sandy Mora","og_description":"Estas son las herramientas que pongo a tu servicio para que juntos revitalicemos el pulso de tu empresa, fortalezcamos el pulso organizacional y transformemos la experiencia de tu gente, meti\u00e9ndole coraz\u00f3n a los resultados. Platiquemos para adaptarlas a las necesidades espec\u00edficas de tu equipo o evento. CONFERENCIAS QUE INYECTAN ENERG\u00cdA E IMPLANTAN SEMILLAS DE CAMBIO [&hellip;]","og_url":"https:\/\/sandy-mora.com\/en\/servicios\/","og_site_name":"Sandy Mora","article_modified_time":"2025-02-22T23:48:08+00:00","og_image":[{"url":"https:\/\/sandy-mora.com\/wp-content\/uploads\/2024\/08\/20230526_181945-scaled.jpg"}],"twitter_card":"summary_large_image","twitter_misc":{"Est. reading time":"5 minutes"},"schema":{"@context":"https:\/\/schema.org","@graph":[{"@type":"WebPage","@id":"https:\/\/sandy-mora.com\/servicios\/","url":"https:\/\/sandy-mora.com\/servicios\/","name":"Servicios - Sandy Mora","isPartOf":{"@id":"https:\/\/sandy-mora.com\/#website"},"datePublished":"2024-08-29T03:28:38+00:00","dateModified":"2025-02-22T23:48:08+00:00","breadcrumb":{"@id":"https:\/\/sandy-mora.com\/servicios\/#breadcrumb"},"inLanguage":"en-US","potentialAction":[{"@type":"ReadAction","target":["https:\/\/sandy-mora.com\/servicios\/"]}]},{"@type":"BreadcrumbList","@id":"https:\/\/sandy-mora.com\/servicios\/#breadcrumb","itemListElement":[{"@type":"ListItem","position":1,"name":"Inicio","item":"https:\/\/sandy-mora.com\/"},{"@type":"ListItem","position":2,"name":"Servicios"}]},{"@type":"WebSite","@id":"https:\/\/sandy-mora.com\/#website","url":"https:\/\/sandy-mora.com\/","name":"Sandy Mora","description":"Cardi\u00f3loga Organizacional \/ Alquimia Emocional\/ Florecimiento Humano","potentialAction":[{"@type":"SearchAction","target":{"@type":"EntryPoint","urlTemplate":"https:\/\/sandy-mora.com\/?s={search_term_string}"},"query-input":"required name=search_term_string"}],"inLanguage":"en-US"}]}},"_links":{"self":[{"href":"https:\/\/sandy-mora.com\/en\/wp-json\/wp\/v2\/pages\/1692","targetHints":{"allow":["GET"]}}],"collection":[{"href":"https:\/\/sandy-mora.com\/en\/wp-json\/wp\/v2\/pages"}],"about":[{"href":"https:\/\/sandy-mora.com\/en\/wp-json\/wp\/v2\/types\/page"}],"author":[{"embeddable":true,"href":"https:\/\/sandy-mora.com\/en\/wp-json\/wp\/v2\/users\/2"}],"replies":[{"embeddable":true,"href":"https:\/\/sandy-mora.com\/en\/wp-json\/wp\/v2\/comments?post=1692"}],"version-history":[{"count":17,"href":"https:\/\/sandy-mora.com\/en\/wp-json\/wp\/v2\/pages\/1692\/revisions"}],"predecessor-version":[{"id":1995,"href":"https:\/\/sandy-mora.com\/en\/wp-json\/wp\/v2\/pages\/1692\/revisions\/1995"}],"wp:attachment":[{"href":"https:\/\/sandy-mora.com\/en\/wp-json\/wp\/v2\/media?parent=1692"}],"curies":[{"name":"wp","href":"https:\/\/api.w.org\/{rel}","templated":true}]}}