{"id":1752,"date":"2024-08-28T21:15:33","date_gmt":"2024-08-29T03:15:33","guid":{"rendered":"https:\/\/sandy-mora.com\/?page_id=1752"},"modified":"2025-02-20T20:17:32","modified_gmt":"2025-02-21T02:17:32","slug":"mi-blog","status":"publish","type":"page","link":"https:\/\/sandy-mora.com\/en\/mi-blog\/","title":{"rendered":"MI BLOG"},"content":{"rendered":"<img decoding=\"async\" src=\"https:\/\/sandy-mora.com\/wp-content\/uploads\/2024\/08\/BLANCO-simple-300x108.png\" alt=\"BLANCO simple\" itemprop=\"image\" height=\"108\" width=\"300\" title=\"BLANCO simple\" onerror=\"this.style.display='none'\"  \/>\n<h1>\n\t\tREFLEXIONES | HERRAMIENTAS | CONOCIMIENTO |  EXPERIENCIAS | INSPIRACI\u00d3N\n\t<\/h1>\n\t\t\t<a href=\"https:\/\/fierce-originator-3540.ck.page\/c62c3c25ca\" target=\"_blank\" rel=\"noopener\">\n\t\t\t\t\t\tQuiero Inscribirme para recibir nuevas publicaciones\n\t\t\t\t\t<\/a>\n<h1>\n\t\tBLOG\n\t<\/h1>\n<h1>\n\t\t\u00bfListo para nutrir tu florecimiento y el de tu Organizaci\u00f3n?\n\t<\/h1>\n\t<p>Conectemos para definir c\u00f3mo puedo ayudarte a transformar tu organizaci\u00f3n en un lugar de trabajo sano, resiliente y emocionalmente responsable donde su coraz\u00f3n (la gente) florezca y los resultados crezcan. Env\u00edame un mensaje y comencemos a construir un futuro mejor para tu equipo, tu negocio y el mundo.<\/p>\n\t\t\t<a href=\"https:\/\/sandy-mora.com\/en\/contacto\/\" target=\"_self\">\n\t\t\t\t\t\tCONTACT ME\n\t\t\t\t\t<\/a>","protected":false},"excerpt":{"rendered":"<p>REFLEXIONES | HERRAMIENTAS | CONOCIMIENTO | EXPERIENCIAS | INSPIRACI\u00d3N Quiero Inscribirme para recibir nuevas publicaciones BLOG \u00bfListo para nutrir tu florecimiento y el de tu Organizaci\u00f3n? Conectemos para definir c\u00f3mo puedo ayudarte a transformar tu organizaci\u00f3n en un lugar de trabajo sano, resiliente y emocionalmente responsable donde su coraz\u00f3n (la gente) florezca y los resultados [&hellip;]<\/p>","protected":false},"author":2,"featured_media":0,"parent":0,"menu_order":0,"comment_status":"closed","ping_status":"closed","template":"page_landing.php","meta":{"_genesis_hide_title":false,"_genesis_hide_breadcrumbs":false,"_genesis_hide_singular_image":false,"_genesis_hide_footer_widgets":false,"_genesis_custom_body_class":"","_genesis_custom_post_class":"","_genesis_layout":"","_wp_convertkit_post_meta":{"form":"-1","landing_page":"0","tag":"0","restrict_content":"0"},"footnotes":""},"class_list":{"0":"post-1752","1":"page","2":"type-page","3":"status-publish","5":"entry","6":"has-post-thumbnail"},"yoast_head":"<!-- This site is optimized with the Yoast SEO plugin v20.2.1 - https:\/\/yoast.com\/wordpress\/plugins\/seo\/ -->\n<title>MI BLOG - Sandy Mora<\/title>\n<meta name=\"robots\" content=\"index, follow, max-snippet:-1, max-image-preview:large, max-video-preview:-1\" \/>\n<link rel=\"canonical\" href=\"https:\/\/sandy-mora.com\/en\/mi-blog\/\" \/>\n<meta property=\"og:locale\" content=\"en_US\" \/>\n<meta property=\"og:type\" content=\"article\" \/>\n<meta property=\"og:title\" content=\"MI BLOG - Sandy Mora\" \/>\n<meta property=\"og:description\" content=\"REFLEXIONES | HERRAMIENTAS | CONOCIMIENTO | EXPERIENCIAS | INSPIRACI\u00d3N Quiero Inscribirme para recibir nuevas publicaciones BLOG \u00bfListo para nutrir tu florecimiento y el de tu Organizaci\u00f3n? Conectemos para definir c\u00f3mo puedo ayudarte a transformar tu organizaci\u00f3n en un lugar de trabajo sano, resiliente y emocionalmente responsable donde su coraz\u00f3n (la gente) florezca y los resultados [&hellip;]\" \/>\n<meta property=\"og:url\" content=\"https:\/\/sandy-mora.com\/en\/mi-blog\/\" \/>\n<meta property=\"og:site_name\" content=\"Sandy Mora\" \/>\n<meta property=\"article:modified_time\" content=\"2025-02-21T02:17:32+00:00\" \/>\n<meta property=\"og:image\" content=\"https:\/\/sandy-mora.com\/wp-content\/uploads\/2024\/08\/BLANCO-simple-300x108.png\" \/>\n<meta name=\"twitter:card\" content=\"summary_large_image\" \/>\n<meta name=\"twitter:label1\" content=\"Est. reading time\" \/>\n\t<meta name=\"twitter:data1\" content=\"1 minute\" \/>\n<script type=\"application\/ld+json\" class=\"yoast-schema-graph\">{\"@context\":\"https:\/\/schema.org\",\"@graph\":[{\"@type\":\"WebPage\",\"@id\":\"https:\/\/sandy-mora.com\/mi-blog\/\",\"url\":\"https:\/\/sandy-mora.com\/mi-blog\/\",\"name\":\"MI BLOG - Sandy Mora\",\"isPartOf\":{\"@id\":\"https:\/\/sandy-mora.com\/#website\"},\"datePublished\":\"2024-08-29T03:15:33+00:00\",\"dateModified\":\"2025-02-21T02:17:32+00:00\",\"breadcrumb\":{\"@id\":\"https:\/\/sandy-mora.com\/mi-blog\/#breadcrumb\"},\"inLanguage\":\"en-US\",\"potentialAction\":[{\"@type\":\"ReadAction\",\"target\":[\"https:\/\/sandy-mora.com\/mi-blog\/\"]}]},{\"@type\":\"BreadcrumbList\",\"@id\":\"https:\/\/sandy-mora.com\/mi-blog\/#breadcrumb\",\"itemListElement\":[{\"@type\":\"ListItem\",\"position\":1,\"name\":\"Inicio\",\"item\":\"https:\/\/sandy-mora.com\/\"},{\"@type\":\"ListItem\",\"position\":2,\"name\":\"MI BLOG\"}]},{\"@type\":\"WebSite\",\"@id\":\"https:\/\/sandy-mora.com\/#website\",\"url\":\"https:\/\/sandy-mora.com\/\",\"name\":\"Sandy Mora\",\"description\":\"Cardi\u00f3loga Organizacional \/ Alquimia Emocional\/ Florecimiento Humano\",\"potentialAction\":[{\"@type\":\"SearchAction\",\"target\":{\"@type\":\"EntryPoint\",\"urlTemplate\":\"https:\/\/sandy-mora.com\/?s={search_term_string}\"},\"query-input\":\"required name=search_term_string\"}],\"inLanguage\":\"en-US\"}]}<\/script>\n<!-- \/ Yoast SEO plugin. -->","yoast_head_json":{"title":"MI BLOG - Sandy Mora","robots":{"index":"index","follow":"follow","max-snippet":"max-snippet:-1","max-image-preview":"max-image-preview:large","max-video-preview":"max-video-preview:-1"},"canonical":"https:\/\/sandy-mora.com\/en\/mi-blog\/","og_locale":"en_US","og_type":"article","og_title":"MI BLOG - Sandy Mora","og_description":"REFLEXIONES | HERRAMIENTAS | CONOCIMIENTO | EXPERIENCIAS | INSPIRACI\u00d3N Quiero Inscribirme para recibir nuevas publicaciones BLOG \u00bfListo para nutrir tu florecimiento y el de tu Organizaci\u00f3n? Conectemos para definir c\u00f3mo puedo ayudarte a transformar tu organizaci\u00f3n en un lugar de trabajo sano, resiliente y emocionalmente responsable donde su coraz\u00f3n (la gente) florezca y los resultados [&hellip;]","og_url":"https:\/\/sandy-mora.com\/en\/mi-blog\/","og_site_name":"Sandy Mora","article_modified_time":"2025-02-21T02:17:32+00:00","og_image":[{"url":"https:\/\/sandy-mora.com\/wp-content\/uploads\/2024\/08\/BLANCO-simple-300x108.png"}],"twitter_card":"summary_large_image","twitter_misc":{"Est. reading time":"1 minute"},"schema":{"@context":"https:\/\/schema.org","@graph":[{"@type":"WebPage","@id":"https:\/\/sandy-mora.com\/mi-blog\/","url":"https:\/\/sandy-mora.com\/mi-blog\/","name":"MI BLOG - Sandy Mora","isPartOf":{"@id":"https:\/\/sandy-mora.com\/#website"},"datePublished":"2024-08-29T03:15:33+00:00","dateModified":"2025-02-21T02:17:32+00:00","breadcrumb":{"@id":"https:\/\/sandy-mora.com\/mi-blog\/#breadcrumb"},"inLanguage":"en-US","potentialAction":[{"@type":"ReadAction","target":["https:\/\/sandy-mora.com\/mi-blog\/"]}]},{"@type":"BreadcrumbList","@id":"https:\/\/sandy-mora.com\/mi-blog\/#breadcrumb","itemListElement":[{"@type":"ListItem","position":1,"name":"Inicio","item":"https:\/\/sandy-mora.com\/"},{"@type":"ListItem","position":2,"name":"MI BLOG"}]},{"@type":"WebSite","@id":"https:\/\/sandy-mora.com\/#website","url":"https:\/\/sandy-mora.com\/","name":"Sandy Mora","description":"Cardi\u00f3loga Organizacional \/ Alquimia Emocional\/ Florecimiento Humano","potentialAction":[{"@type":"SearchAction","target":{"@type":"EntryPoint","urlTemplate":"https:\/\/sandy-mora.com\/?s={search_term_string}"},"query-input":"required name=search_term_string"}],"inLanguage":"en-US"}]}},"_links":{"self":[{"href":"https:\/\/sandy-mora.com\/en\/wp-json\/wp\/v2\/pages\/1752","targetHints":{"allow":["GET"]}}],"collection":[{"href":"https:\/\/sandy-mora.com\/en\/wp-json\/wp\/v2\/pages"}],"about":[{"href":"https:\/\/sandy-mora.com\/en\/wp-json\/wp\/v2\/types\/page"}],"author":[{"embeddable":true,"href":"https:\/\/sandy-mora.com\/en\/wp-json\/wp\/v2\/users\/2"}],"replies":[{"embeddable":true,"href":"https:\/\/sandy-mora.com\/en\/wp-json\/wp\/v2\/comments?post=1752"}],"version-history":[{"count":6,"href":"https:\/\/sandy-mora.com\/en\/wp-json\/wp\/v2\/pages\/1752\/revisions"}],"predecessor-version":[{"id":1971,"href":"https:\/\/sandy-mora.com\/en\/wp-json\/wp\/v2\/pages\/1752\/revisions\/1971"}],"wp:attachment":[{"href":"https:\/\/sandy-mora.com\/en\/wp-json\/wp\/v2\/media?parent=1752"}],"curies":[{"name":"wp","href":"https:\/\/api.w.org\/{rel}","templated":true}]}}