{"id":26,"date":"2019-08-06T20:53:26","date_gmt":"2019-08-06T20:53:26","guid":{"rendered":"http:\/\/sandy-mora.test\/?page_id=26"},"modified":"2019-08-31T19:13:41","modified_gmt":"2019-08-31T19:13:41","slug":"acompanamiento-personal","status":"publish","type":"page","link":"https:\/\/sandy-mora.com\/en\/acompanamiento-personal\/","title":{"rendered":"Acompa\u00f1amiento personal"},"content":{"rendered":"<h1>\n\t\tAcompa\u00f1amiento Personal\n\t<\/h1>\n\t\t\t\t<img fetchpriority=\"high\" decoding=\"async\" src=\"https:\/\/sandy-mora.com\/wp-content\/uploads\/2019\/08\/Transforma-la-adversidad.jpg\" alt=\"Transforma-la-adversidad\" itemprop=\"image\" height=\"315\" width=\"828\" title=\"Transforma-la-adversidad\" onerror=\"this.style.display='none'\"  \/>\n\t<p>Si te has planteando la posibilidad de tener quien te acompa\u00f1e y coachee de forma personal en el proceso que est\u00e1s viviendo, la decisi\u00f3n que debes tomar, el bache en el que te encuentras atascado o el proyecto que quieres arrancar, te invito a que agendes una sesi\u00f3n de descubrimiento conmigo (totalmente gratuita) de 30 min. para que platiquemos y descubramos si trabajar juntos es una buena idea que te ayudar\u00e1 a moverte y llegar hasta donde deseas.<\/p>\n<p>Tengo la preparaci\u00f3n necesaria y la experiencia para hacer un acompa\u00f1amiento y facilitaci\u00f3n de procesos de Desarrollo Humano que te ayude a encontrar tus propias herramientas y el foco para ponerlas en acci\u00f3n y sobreponerte a la adversidad que est\u00e1s atravesando, la decisi\u00f3n que necesitas tomar, el proyecto que quieres arrancar o la mejora que quieres tener en tu nivel de satisfacci\u00f3n y bienestar de vida. Una vez que decidas si quieres que te acompa\u00f1e en tu proceso, podremos definir paquetes de 3 a 6 meses con 2 a 4 sesiones por mes (pueden ser presenciales u Online) de acuerdo a lo que necesites trabajar.<\/p>\n<p>A veces contar con un espejo que te brinde el espacio y las herramientas para mirarte a ti y a tu circunstancia desde otra perspectiva, es el est\u00edmulo que necesitas para encontrar el camino que quieres y la fuerza para caminar hacia \u00e9l.<\/p>\n\t\t\t<a href=\"mailto:sandy@sandy-mora.com\" target=\"_self\" role=\"button\" rel=\"noopener noreferrer\">\n\t\t\t\t\t\t\tQuiero una sesi\u00f3n de descubrimiento\n\t\t\t\t\t<\/a>","protected":false},"excerpt":{"rendered":"<p>Acompa\u00f1amiento Personal Si te has planteando la posibilidad de tener quien te acompa\u00f1e y coachee de forma personal en el proceso que est\u00e1s viviendo, la decisi\u00f3n que debes tomar, el bache en el que te encuentras atascado o el proyecto que quieres arrancar, te invito a que agendes una sesi\u00f3n de descubrimiento conmigo (totalmente gratuita) [&hellip;]<\/p>","protected":false},"author":1,"featured_media":0,"parent":0,"menu_order":0,"comment_status":"closed","ping_status":"closed","template":"page_landing.php","meta":{"_genesis_hide_title":false,"_genesis_hide_breadcrumbs":false,"_genesis_hide_singular_image":false,"_genesis_hide_footer_widgets":false,"_genesis_custom_body_class":"","_genesis_custom_post_class":"","_genesis_layout":"","_wp_convertkit_post_meta":{"form":"-1","landing_page":"0","tag":"0","restrict_content":"0"},"footnotes":""},"class_list":{"0":"post-26","1":"page","2":"type-page","3":"status-publish","5":"entry","6":"has-post-thumbnail"},"yoast_head":"<!-- This site is optimized with the Yoast SEO plugin v20.2.1 - https:\/\/yoast.com\/wordpress\/plugins\/seo\/ -->\n<title>Acompa\u00f1amiento personal - Sandy Mora<\/title>\n<meta name=\"robots\" content=\"index, follow, max-snippet:-1, max-image-preview:large, max-video-preview:-1\" \/>\n<link rel=\"canonical\" href=\"https:\/\/sandy-mora.com\/en\/acompanamiento-personal\/\" \/>\n<meta property=\"og:locale\" content=\"en_US\" \/>\n<meta property=\"og:type\" content=\"article\" \/>\n<meta property=\"og:title\" content=\"Acompa\u00f1amiento personal - Sandy Mora\" \/>\n<meta property=\"og:description\" content=\"Acompa\u00f1amiento Personal Si te has planteando la posibilidad de tener quien te acompa\u00f1e y coachee de forma personal en el proceso que est\u00e1s viviendo, la decisi\u00f3n que debes tomar, el bache en el que te encuentras atascado o el proyecto que quieres arrancar, te invito a que agendes una sesi\u00f3n de descubrimiento conmigo (totalmente gratuita) [&hellip;]\" \/>\n<meta property=\"og:url\" content=\"https:\/\/sandy-mora.com\/en\/acompanamiento-personal\/\" \/>\n<meta property=\"og:site_name\" content=\"Sandy Mora\" \/>\n<meta property=\"article:modified_time\" content=\"2019-08-31T19:13:41+00:00\" \/>\n<meta property=\"og:image\" content=\"https:\/\/sandy-mora.com\/wp-content\/uploads\/2019\/08\/Transforma-la-adversidad.jpg\" \/>\n<meta name=\"twitter:card\" content=\"summary_large_image\" \/>\n<meta name=\"twitter:label1\" content=\"Est. reading time\" \/>\n\t<meta name=\"twitter:data1\" content=\"1 minute\" \/>\n<script type=\"application\/ld+json\" class=\"yoast-schema-graph\">{\"@context\":\"https:\/\/schema.org\",\"@graph\":[{\"@type\":\"WebPage\",\"@id\":\"https:\/\/sandy-mora.com\/acompanamiento-personal\/\",\"url\":\"https:\/\/sandy-mora.com\/acompanamiento-personal\/\",\"name\":\"Acompa\u00f1amiento personal - Sandy Mora\",\"isPartOf\":{\"@id\":\"https:\/\/sandy-mora.com\/#website\"},\"datePublished\":\"2019-08-06T20:53:26+00:00\",\"dateModified\":\"2019-08-31T19:13:41+00:00\",\"breadcrumb\":{\"@id\":\"https:\/\/sandy-mora.com\/acompanamiento-personal\/#breadcrumb\"},\"inLanguage\":\"en-US\",\"potentialAction\":[{\"@type\":\"ReadAction\",\"target\":[\"https:\/\/sandy-mora.com\/acompanamiento-personal\/\"]}]},{\"@type\":\"BreadcrumbList\",\"@id\":\"https:\/\/sandy-mora.com\/acompanamiento-personal\/#breadcrumb\",\"itemListElement\":[{\"@type\":\"ListItem\",\"position\":1,\"name\":\"Inicio\",\"item\":\"https:\/\/sandy-mora.com\/\"},{\"@type\":\"ListItem\",\"position\":2,\"name\":\"Acompa\u00f1amiento personal\"}]},{\"@type\":\"WebSite\",\"@id\":\"https:\/\/sandy-mora.com\/#website\",\"url\":\"https:\/\/sandy-mora.com\/\",\"name\":\"Sandy Mora\",\"description\":\"Cardi\u00f3loga Organizacional \/ Alquimia Emocional\/ Florecimiento Humano\",\"potentialAction\":[{\"@type\":\"SearchAction\",\"target\":{\"@type\":\"EntryPoint\",\"urlTemplate\":\"https:\/\/sandy-mora.com\/?s={search_term_string}\"},\"query-input\":\"required name=search_term_string\"}],\"inLanguage\":\"en-US\"}]}<\/script>\n<!-- \/ Yoast SEO plugin. -->","yoast_head_json":{"title":"Acompa\u00f1amiento personal - Sandy Mora","robots":{"index":"index","follow":"follow","max-snippet":"max-snippet:-1","max-image-preview":"max-image-preview:large","max-video-preview":"max-video-preview:-1"},"canonical":"https:\/\/sandy-mora.com\/en\/acompanamiento-personal\/","og_locale":"en_US","og_type":"article","og_title":"Acompa\u00f1amiento personal - Sandy Mora","og_description":"Acompa\u00f1amiento Personal Si te has planteando la posibilidad de tener quien te acompa\u00f1e y coachee de forma personal en el proceso que est\u00e1s viviendo, la decisi\u00f3n que debes tomar, el bache en el que te encuentras atascado o el proyecto que quieres arrancar, te invito a que agendes una sesi\u00f3n de descubrimiento conmigo (totalmente gratuita) [&hellip;]","og_url":"https:\/\/sandy-mora.com\/en\/acompanamiento-personal\/","og_site_name":"Sandy Mora","article_modified_time":"2019-08-31T19:13:41+00:00","og_image":[{"url":"https:\/\/sandy-mora.com\/wp-content\/uploads\/2019\/08\/Transforma-la-adversidad.jpg"}],"twitter_card":"summary_large_image","twitter_misc":{"Est. reading time":"1 minute"},"schema":{"@context":"https:\/\/schema.org","@graph":[{"@type":"WebPage","@id":"https:\/\/sandy-mora.com\/acompanamiento-personal\/","url":"https:\/\/sandy-mora.com\/acompanamiento-personal\/","name":"Acompa\u00f1amiento personal - Sandy Mora","isPartOf":{"@id":"https:\/\/sandy-mora.com\/#website"},"datePublished":"2019-08-06T20:53:26+00:00","dateModified":"2019-08-31T19:13:41+00:00","breadcrumb":{"@id":"https:\/\/sandy-mora.com\/acompanamiento-personal\/#breadcrumb"},"inLanguage":"en-US","potentialAction":[{"@type":"ReadAction","target":["https:\/\/sandy-mora.com\/acompanamiento-personal\/"]}]},{"@type":"BreadcrumbList","@id":"https:\/\/sandy-mora.com\/acompanamiento-personal\/#breadcrumb","itemListElement":[{"@type":"ListItem","position":1,"name":"Inicio","item":"https:\/\/sandy-mora.com\/"},{"@type":"ListItem","position":2,"name":"Acompa\u00f1amiento personal"}]},{"@type":"WebSite","@id":"https:\/\/sandy-mora.com\/#website","url":"https:\/\/sandy-mora.com\/","name":"Sandy Mora","description":"Cardi\u00f3loga Organizacional \/ Alquimia Emocional\/ Florecimiento Humano","potentialAction":[{"@type":"SearchAction","target":{"@type":"EntryPoint","urlTemplate":"https:\/\/sandy-mora.com\/?s={search_term_string}"},"query-input":"required name=search_term_string"}],"inLanguage":"en-US"}]}},"_links":{"self":[{"href":"https:\/\/sandy-mora.com\/en\/wp-json\/wp\/v2\/pages\/26","targetHints":{"allow":["GET"]}}],"collection":[{"href":"https:\/\/sandy-mora.com\/en\/wp-json\/wp\/v2\/pages"}],"about":[{"href":"https:\/\/sandy-mora.com\/en\/wp-json\/wp\/v2\/types\/page"}],"author":[{"embeddable":true,"href":"https:\/\/sandy-mora.com\/en\/wp-json\/wp\/v2\/users\/1"}],"replies":[{"embeddable":true,"href":"https:\/\/sandy-mora.com\/en\/wp-json\/wp\/v2\/comments?post=26"}],"version-history":[{"count":10,"href":"https:\/\/sandy-mora.com\/en\/wp-json\/wp\/v2\/pages\/26\/revisions"}],"predecessor-version":[{"id":749,"href":"https:\/\/sandy-mora.com\/en\/wp-json\/wp\/v2\/pages\/26\/revisions\/749"}],"wp:attachment":[{"href":"https:\/\/sandy-mora.com\/en\/wp-json\/wp\/v2\/media?parent=26"}],"curies":[{"name":"wp","href":"https:\/\/api.w.org\/{rel}","templated":true}]}}