{"id":32,"date":"2019-08-06T20:55:15","date_gmt":"2019-08-06T20:55:15","guid":{"rendered":"http:\/\/sandy-mora.test\/?page_id=32"},"modified":"2024-08-30T18:15:17","modified_gmt":"2024-08-31T00:15:17","slug":"contacto-deprecated","status":"publish","type":"page","link":"https:\/\/sandy-mora.com\/en\/contacto-deprecated\/","title":{"rendered":"Contacto OLD"},"content":{"rendered":"<h1>\n\t\t\u00a1Cu\u00e9ntame!      \u00bfen qu\u00e9 puedo ayudarte?\n\t<\/h1>\n<h1>\n\t\tContact\n\t<\/h1>\n\t<p>Let\u2019s connect to define how I can help you transform your organization into a resilient and emotionally responsible workplace where everyone thrives.\nSend me a message, and let\u2019s start building a better future for your team, your business, and the world.<\/p>\n\t<script type=\"text\/javascript\">var gform;gform||(document.addEventListener(\"gform_main_scripts_loaded\",function(){gform.scriptsLoaded=!0}),window.addEventListener(\"DOMContentLoaded\",function(){gform.domLoaded=!0}),gform={domLoaded:!1,scriptsLoaded:!1,initializeOnLoaded:function(o){gform.domLoaded&&gform.scriptsLoaded?o():!gform.domLoaded&&gform.scriptsLoaded?window.addEventListener(\"DOMContentLoaded\",o):document.addEventListener(\"gform_main_scripts_loaded\",o)},hooks:{action:{},filter:{}},addAction:function(o,n,r,t){gform.addHook(\"action\",o,n,r,t)},addFilter:function(o,n,r,t){gform.addHook(\"filter\",o,n,r,t)},doAction:function(o){gform.doHook(\"action\",o,arguments)},applyFilters:function(o){return gform.doHook(\"filter\",o,arguments)},removeAction:function(o,n){gform.removeHook(\"action\",o,n)},removeFilter:function(o,n,r){gform.removeHook(\"filter\",o,n,r)},addHook:function(o,n,r,t,i){null==gform.hooks[o][n]&&(gform.hooks[o][n]=[]);var e=gform.hooks[o][n];null==i&&(i=n+\"_\"+e.length),gform.hooks[o][n].push({tag:i,callable:r,priority:t=null==t?10:t})},doHook:function(n,o,r){var t;if(r=Array.prototype.slice.call(r,1),null!=gform.hooks[n][o]&&((o=gform.hooks[n][o]).sort(function(o,n){return o.priority-n.priority}),o.forEach(function(o){\"function\"!=typeof(t=o.callable)&&(t=window[t]),\"action\"==n?t.apply(null,r):r[0]=t.apply(null,r)})),\"filter\"==n)return r[0]},removeHook:function(o,n,t,i){var r;null!=gform.hooks[o][n]&&(r=(r=gform.hooks[o][n]).filter(function(o,n,r){return!!(null!=i&&i!=o.tag||null!=t&&t!=o.priority)}),gform.hooks[o][n]=r)}});<\/script>\n                <div class='gf_browser_gecko gform_wrapper gform_legacy_markup_wrapper gform-theme--no-framework' data-form-theme='legacy' data-form-index='0' id='gform_wrapper_2' ><style>#gform_wrapper_2[data-form-index=\"0\"].gform-theme,[data-parent-form=\"2_0\"]{--gform-theme-color-primary: #204ce5;--gform-theme-color-primary-rgb: 32, 76, 229;--gform-theme-color-primary-contrast: #fff;--gform-theme-color-primary-contrast-rgb: 255, 255, 255;--gform-theme-color-primary-darker: #001AB3;--gform-theme-color-primary-lighter: #527EFF;--gform-theme-color-secondary: #fff;--gform-theme-color-secondary-rgb: 255, 255, 255;--gform-theme-color-secondary-contrast: #112337;--gform-theme-color-secondary-contrast-rgb: 17, 35, 55;--gform-theme-color-secondary-darker: #F5F5F5;--gform-theme-color-secondary-lighter: #FFFFFF;--gform-theme-color-outside-control-light: rgba(17, 35, 55, 0.1);--gform-theme-color-outside-control-light-rgb: 17, 35, 55;--gform-theme-color-outside-control-light-darker: rgba(104, 110, 119, 0.35);--gform-theme-color-outside-control-light-lighter: #F5F5F5;--gform-theme-color-outside-control-dark: #585e6a;--gform-theme-color-outside-control-dark-rgb: 88, 94, 106;--gform-theme-color-outside-control-dark-darker: #112337;--gform-theme-color-outside-control-dark-lighter: rgba(17, 35, 55, 0.65);--gform-theme-color-inside-control: #fff;--gform-theme-color-inside-control-rgb: 255, 255, 255;--gform-theme-color-inside-control-contrast: #112337;--gform-theme-color-inside-control-contrast-rgb: 17, 35, 55;--gform-theme-color-inside-control-darker: #F5F5F5;--gform-theme-color-inside-control-lighter: #FFFFFF;--gform-theme-color-inside-control-primary: #204ce5;--gform-theme-color-inside-control-primary-rgb: 32, 76, 229;--gform-theme-color-inside-control-primary-contrast: #fff;--gform-theme-color-inside-control-primary-contrast-rgb: 255, 255, 255;--gform-theme-color-inside-control-primary-darker: #001AB3;--gform-theme-color-inside-control-primary-lighter: #527EFF;--gform-theme-color-inside-control-light: rgba(17, 35, 55, 0.1);--gform-theme-color-inside-control-light-rgb: 17, 35, 55;--gform-theme-color-inside-control-light-darker: rgba(104, 110, 119, 0.35);--gform-theme-color-inside-control-light-lighter: #F5F5F5;--gform-theme-color-inside-control-dark: #585e6a;--gform-theme-color-inside-control-dark-rgb: 88, 94, 106;--gform-theme-color-inside-control-dark-darker: #112337;--gform-theme-color-inside-control-dark-lighter: rgba(17, 35, 55, 0.65);--gform-theme-border-radius: 3px;--gform-theme-font-size-secondary: 14px;--gform-theme-font-size-tertiary: 13px;--gform-theme-icon-control-number: url(\"data:image\/svg+xml,%3Csvg width='8' height='14' viewBox='0 0 8 14' fill='none' xmlns='http:\/\/www.w3.org\/2000\/svg'%3E%3Cpath fill-rule='evenodd' clip-rule='evenodd' d='M4 0C4.26522 5.96046e-08 4.51957 0.105357 4.70711 0.292893L7.70711 3.29289C8.09763 3.68342 8.09763 4.31658 7.70711 4.70711C7.31658 5.09763 6.68342 5.09763 6.29289 4.70711L4 2.41421L1.70711 4.70711C1.31658 5.09763 0.683417 5.09763 0.292893 4.70711C-0.0976311 4.31658 -0.097631 3.68342 0.292893 3.29289L3.29289 0.292893C3.48043 0.105357 3.73478 0 4 0ZM0.292893 9.29289C0.683417 8.90237 1.31658 8.90237 1.70711 9.29289L4 11.5858L6.29289 9.29289C6.68342 8.90237 7.31658 8.90237 7.70711 9.29289C8.09763 9.68342 8.09763 10.3166 7.70711 10.7071L4.70711 13.7071C4.31658 14.0976 3.68342 14.0976 3.29289 13.7071L0.292893 10.7071C-0.0976311 10.3166 -0.0976311 9.68342 0.292893 9.29289Z' fill='rgba(17, 35, 55, 0.65)'\/%3E%3C\/svg%3E\");--gform-theme-icon-control-select: url(\"data:image\/svg+xml,%3Csvg width='10' height='6' viewBox='0 0 10 6' fill='none' xmlns='http:\/\/www.w3.org\/2000\/svg'%3E%3Cpath fill-rule='evenodd' clip-rule='evenodd' d='M0.292893 0.292893C0.683417 -0.097631 1.31658 -0.097631 1.70711 0.292893L5 3.58579L8.29289 0.292893C8.68342 -0.0976311 9.31658 -0.0976311 9.70711 0.292893C10.0976 0.683417 10.0976 1.31658 9.70711 1.70711L5.70711 5.70711C5.31658 6.09763 4.68342 6.09763 4.29289 5.70711L0.292893 1.70711C-0.0976311 1.31658 -0.0976311 0.683418 0.292893 0.292893Z' fill='rgba(17, 35, 55, 0.65)'\/%3E%3C\/svg%3E\");--gform-theme-icon-control-search: url(\"data:image\/svg+xml,%3Csvg version='1.1' xmlns='http:\/\/www.w3.org\/2000\/svg' width='640' height='640'%3E%3Cpath d='M256 128c-70.692 0-128 57.308-128 128 0 70.691 57.308 128 128 128 70.691 0 128-57.309 128-128 0-70.692-57.309-128-128-128zM64 256c0-106.039 85.961-192 192-192s192 85.961 192 192c0 41.466-13.146 79.863-35.498 111.248l154.125 154.125c12.496 12.496 12.496 32.758 0 45.254s-32.758 12.496-45.254 0L367.248 412.502C335.862 434.854 297.467 448 256 448c-106.039 0-192-85.962-192-192z' fill='rgba(17, 35, 55, 0.65)'\/%3E%3C\/svg%3E\");--gform-theme-control-border-color: #686e77;--gform-theme-control-size: var(--gform-theme-control-size-md);--gform-theme-control-label-color-primary: #112337;--gform-theme-control-label-color-secondary: #112337;--gform-theme-control-choice-size: var(--gform-theme-control-choice-size-md);--gform-theme-control-checkbox-check-size: var(--gform-theme-control-checkbox-check-size-md);--gform-theme-control-radio-check-size: var(--gform-theme-control-radio-check-size-md);--gform-theme-control-button-font-size: var(--gform-theme-control-button-font-size-md);--gform-theme-control-button-padding-inline: var(--gform-theme-control-button-padding-inline-md);--gform-theme-control-button-size: var(--gform-theme-control-button-size-md);--gform-theme-control-button-border-color-secondary: #686e77;--gform-theme-control-file-button-background-color-hover: #EBEBEB;--gform-theme-field-page-steps-number-color: rgba(17, 35, 55, 0.8);}<\/style><div id='gf_2' class='gform_anchor' tabindex='-1'><\/div><form method='post' enctype='multipart\/form-data' target='gform_ajax_frame_2' id='gform_2'  action='\/en\/wp-json\/wp\/v2\/pages\/32#gf_2' data-formid='2' data-trp-original-action=\"\/en\/wp-json\/wp\/v2\/pages\/32#gf_2\" >\n                        <div class='gform-body gform_body'><ul id='gform_fields_2' class='gform_fields top_label form_sublabel_below description_below'><li id=\"field_2_1\"  class=\"gfield gfield--type-name gfield_contains_required field_sublabel_below gfield--no-description field_description_below gfield_visibility_visible\"  data-js-reload=\"field_2_1\"><label class='gfield_label gform-field-label gfield_label_before_complex'  >Nombre<span class=\"gfield_required\"><span class=\"gfield_required gfield_required_asterisk\">*<\/span><\/span><\/label><div class='ginput_complex ginput_container ginput_container--name no_prefix has_first_name no_middle_name has_last_name no_suffix gf_name_has_2 ginput_container_name gform-grid-row' id='input_2_1'>\n                            \n                            <span id='input_2_1_3_container' class='name_first gform-grid-col gform-grid-col--size-auto' >\n                                                    <input type='text' name='input_1.3' id='input_2_1_3' value='' tabindex='50'  aria-required='true'     \/>\n                                                    <label for='input_2_1_3' class='gform-field-label gform-field-label--type-sub'>Nombre<\/label>\n                                                <\/span>\n                            \n                            <span id='input_2_1_6_container' class='name_last gform-grid-col gform-grid-col--size-auto' >\n                                                    <input type='text' name='input_1.6' id='input_2_1_6' value='' tabindex='52'  aria-required='true'     \/>\n                                                    <label for='input_2_1_6' class='gform-field-label gform-field-label--type-sub'>Apellido<\/label>\n                                                <\/span>\n                            \n                        <\/div><\/li><li id=\"field_2_2\"  class=\"gfield gfield--type-email gfield_contains_required field_sublabel_below gfield--no-description field_description_below gfield_visibility_visible\"  data-js-reload=\"field_2_2\"><label class='gfield_label gform-field-label' for='input_2_2' >Email<span class=\"gfield_required\"><span class=\"gfield_required gfield_required_asterisk\">*<\/span><\/span><\/label><div class='ginput_container ginput_container_email'>\n                            <input name='input_2' id='input_2_2' type='text' value='' class='large' tabindex='54'   aria-required=\"true\" aria-invalid=\"false\"  \/>\n                        <\/div><\/li><li id=\"field_2_8\"  class=\"gfield gfield--type-text gfield--width-full gfield_contains_required field_sublabel_below gfield--no-description field_description_below gfield_visibility_visible\"  data-js-reload=\"field_2_8\"><label class='gfield_label gform-field-label' for='input_2_8' >Celular<span class=\"gfield_required\"><span class=\"gfield_required gfield_required_asterisk\">*<\/span><\/span><\/label><div class='ginput_container ginput_container_text'><input name='input_8' id='input_2_8' type='text' value='' class='large'   tabindex='55'  aria-required=\"true\" aria-invalid=\"false\"   \/> <\/div><\/li><li id=\"field_2_3\"  class=\"gfield gfield--type-text gfield_contains_required field_sublabel_below gfield--no-description field_description_below gfield_visibility_visible\"  data-js-reload=\"field_2_3\"><label class='gfield_label gform-field-label' for='input_2_3' >Asunto<span class=\"gfield_required\"><span class=\"gfield_required gfield_required_asterisk\">*<\/span><\/span><\/label><div class='ginput_container ginput_container_text'><input name='input_3' id='input_2_3' type='text' value='' class='large'   tabindex='56'  aria-required=\"true\" aria-invalid=\"false\"   \/> <\/div><\/li><li id=\"field_2_4\"  class=\"gfield gfield--type-textarea gfield_contains_required field_sublabel_below gfield--has-description field_description_below gfield_visibility_visible\"  data-js-reload=\"field_2_4\"><label class='gfield_label gform-field-label' for='input_2_4' >Mensaje<span class=\"gfield_required\"><span class=\"gfield_required gfield_required_asterisk\">*<\/span><\/span><\/label><div class='ginput_container ginput_container_textarea'><textarea name='input_4' id='input_2_4' class='textarea large' tabindex='57' aria-describedby=\"gfield_description_2_4\"   aria-required=\"true\" aria-invalid=\"false\"   rows='10' cols='50'><\/textarea><\/div><div class='gfield_description' id='gfield_description_2_4'>\u00bfEn qu\u00e9 te puedo ayudar? <\/div><\/li><\/ul><\/div>\n        <div class='gform_footer top_label'> <input type='submit' id='gform_submit_button_2' class='gform_button button' value='Enviar' tabindex='58' onclick='if(window[\"gf_submitting_2\"]){return false;}  window[\"gf_submitting_2\"]=true;  ' onkeypress='if( event.keyCode == 13 ){ if(window[\"gf_submitting_2\"]){return false;} window[\"gf_submitting_2\"]=true;  jQuery(\"#gform_2\").trigger(\"submit\",[true]); }' \/> <input type='hidden' name='gform_ajax' value='form_id=2&amp;title=&amp;description=&amp;tabindex=49&amp;theme=data-form-theme=&#039;legacy&#039;' \/>\n            <input type='hidden' class='gform_hidden' name='is_submit_2' value='1' \/>\n            <input type='hidden' class='gform_hidden' name='gform_submit' value='2' \/>\n            \n            <input type='hidden' class='gform_hidden' name='gform_unique_id' value='' \/>\n            <input type='hidden' class='gform_hidden' name='state_2' value='WyJbXSIsImYyZGIzNTg3ZGY0OWIyZDkwZDBlMWNmODM3MDBhOThiIl0=' \/>\n            <input type='hidden' class='gform_hidden' name='gform_target_page_number_2' id='gform_target_page_number_2' value='0' \/>\n            <input type='hidden' class='gform_hidden' name='gform_source_page_number_2' id='gform_source_page_number_2' value='1' \/>\n            <input type='hidden' name='gform_field_values' value='' \/>\n            \n        <\/div>\n                        <input type=\"hidden\" name=\"trp-form-language\" value=\"en\"\/><\/form>\n                        <\/div>\n\t\t                <iframe style='display:none;width:0px;height:0px;' src='about:blank' name='gform_ajax_frame_2' id='gform_ajax_frame_2' title='This iframe contains the logic required to handle Ajax powered Gravity Forms.'><\/iframe>\n\t\t                <script type=\"text\/javascript\">\n\/* <![CDATA[ *\/\n gform.initializeOnLoaded( function() {gformInitSpinner( 2, 'https:\/\/sandy-mora.com\/wp-content\/plugins\/gravityforms\/images\/spinner.svg', true );jQuery('#gform_ajax_frame_2').on('load',function(){var contents = jQuery(this).contents().find('*').html();var is_postback = contents.indexOf('GF_AJAX_POSTBACK') >= 0;if(!is_postback){return;}var form_content = jQuery(this).contents().find('#gform_wrapper_2');var is_confirmation = jQuery(this).contents().find('#gform_confirmation_wrapper_2').length > 0;var is_redirect = contents.indexOf('gformRedirect(){') >= 0;var is_form = form_content.length > 0 && ! is_redirect && ! is_confirmation;var mt = parseInt(jQuery('html').css('margin-top'), 10) + parseInt(jQuery('body').css('margin-top'), 10) + 100;if(is_form){jQuery('#gform_wrapper_2').html(form_content.html());if(form_content.hasClass('gform_validation_error')){jQuery('#gform_wrapper_2').addClass('gform_validation_error');} else {jQuery('#gform_wrapper_2').removeClass('gform_validation_error');}setTimeout( function() { \/* delay the scroll by 50 milliseconds to fix a bug in chrome *\/ jQuery(document).scrollTop(jQuery('#gform_wrapper_2').offset().top - mt); }, 50 );if(window['gformInitDatepicker']) {gformInitDatepicker();}if(window['gformInitPriceFields']) {gformInitPriceFields();}var current_page = jQuery('#gform_source_page_number_2').val();gformInitSpinner( 2, 'https:\/\/sandy-mora.com\/wp-content\/plugins\/gravityforms\/images\/spinner.svg', true );jQuery(document).trigger('gform_page_loaded', [2, current_page]);window['gf_submitting_2'] = false;}else if(!is_redirect){var confirmation_content = jQuery(this).contents().find('.GF_AJAX_POSTBACK').html();if(!confirmation_content){confirmation_content = contents;}setTimeout(function(){jQuery('#gform_wrapper_2').replaceWith(confirmation_content);jQuery(document).scrollTop(jQuery('#gf_2').offset().top - mt);jQuery(document).trigger('gform_confirmation_loaded', [2]);window['gf_submitting_2'] = false;wp.a11y.speak(jQuery('#gform_confirmation_message_2').text());}, 50);}else{jQuery('#gform_2').append(contents);if(window['gformRedirect']) {gformRedirect();}}jQuery(document).trigger('gform_post_render', [2, current_page]);gform.utils.trigger({ event: 'gform\/postRender', native: false, data: { formId: 2, currentPage: current_page } });} );} ); \n\/* ]]> *\/\n<\/script>\n\n\t<h3>Sandra Mora<\/h3>\nsandy@sandymora.com<br \/>\nWhatsapp +52 (442) 467 6031","protected":false},"excerpt":{"rendered":"<p>\u00a1Cu\u00e9ntame! \u00bfen qu\u00e9 puedo ayudarte? Contacto Conectemos para definir c\u00f3mo puedo ayudarte a transformar tu organizaci\u00f3n en un lugar de trabajo resiliente y emocionalmente responsable donde todos florezcan. Env\u00edame un mensaje y comencemos a construir un futuro mejor para tu equipo, tu negocio y el mundo. Sandra Mora sandy@sandymora.com Whatsapp +52 (442) 467 6031<\/p>","protected":false},"author":1,"featured_media":0,"parent":0,"menu_order":0,"comment_status":"closed","ping_status":"closed","template":"page_landing.php","meta":{"_genesis_hide_title":false,"_genesis_hide_breadcrumbs":false,"_genesis_hide_singular_image":false,"_genesis_hide_footer_widgets":false,"_genesis_custom_body_class":"","_genesis_custom_post_class":"","_genesis_layout":"","footnotes":""},"class_list":{"0":"post-32","1":"page","2":"type-page","3":"status-publish","5":"entry","6":"has-post-thumbnail"},"yoast_head":"<!-- This site is optimized with the Yoast SEO plugin v20.2.1 - https:\/\/yoast.com\/wordpress\/plugins\/seo\/ -->\n<title>Contacto OLD - Sandy Mora<\/title>\n<meta name=\"robots\" content=\"index, follow, max-snippet:-1, max-image-preview:large, max-video-preview:-1\" \/>\n<link rel=\"canonical\" href=\"https:\/\/sandy-mora.com\/en\/contacto-deprecated\/\" \/>\n<meta property=\"og:locale\" content=\"en_US\" \/>\n<meta property=\"og:type\" content=\"article\" \/>\n<meta property=\"og:title\" content=\"Contacto OLD - Sandy Mora\" \/>\n<meta property=\"og:description\" content=\"\u00a1Cu\u00e9ntame! \u00bfen qu\u00e9 puedo ayudarte? Contacto Conectemos para definir c\u00f3mo puedo ayudarte a transformar tu organizaci\u00f3n en un lugar de trabajo resiliente y emocionalmente responsable donde todos florezcan. Env\u00edame un mensaje y comencemos a construir un futuro mejor para tu equipo, tu negocio y el mundo. Sandra Mora sandy@sandymora.com Whatsapp +52 (442) 467 6031\" \/>\n<meta property=\"og:url\" content=\"https:\/\/sandy-mora.com\/en\/contacto-deprecated\/\" \/>\n<meta property=\"og:site_name\" content=\"Sandy Mora\" \/>\n<meta property=\"article:modified_time\" content=\"2024-08-31T00:15:17+00:00\" \/>\n<meta name=\"twitter:card\" content=\"summary_large_image\" \/>\n<script type=\"application\/ld+json\" class=\"yoast-schema-graph\">{\"@context\":\"https:\/\/schema.org\",\"@graph\":[{\"@type\":\"WebPage\",\"@id\":\"https:\/\/sandy-mora.com\/contacto-deprecated\/\",\"url\":\"https:\/\/sandy-mora.com\/contacto-deprecated\/\",\"name\":\"Contacto OLD - Sandy Mora\",\"isPartOf\":{\"@id\":\"https:\/\/sandy-mora.com\/#website\"},\"datePublished\":\"2019-08-06T20:55:15+00:00\",\"dateModified\":\"2024-08-31T00:15:17+00:00\",\"breadcrumb\":{\"@id\":\"https:\/\/sandy-mora.com\/contacto-deprecated\/#breadcrumb\"},\"inLanguage\":\"en-US\",\"potentialAction\":[{\"@type\":\"ReadAction\",\"target\":[\"https:\/\/sandy-mora.com\/contacto-deprecated\/\"]}]},{\"@type\":\"BreadcrumbList\",\"@id\":\"https:\/\/sandy-mora.com\/contacto-deprecated\/#breadcrumb\",\"itemListElement\":[{\"@type\":\"ListItem\",\"position\":1,\"name\":\"Inicio\",\"item\":\"https:\/\/sandy-mora.com\/\"},{\"@type\":\"ListItem\",\"position\":2,\"name\":\"Contacto OLD\"}]},{\"@type\":\"WebSite\",\"@id\":\"https:\/\/sandy-mora.com\/#website\",\"url\":\"https:\/\/sandy-mora.com\/\",\"name\":\"Sandy Mora\",\"description\":\"Cardi\u00f3loga Organizacional \/ Alquimia Emocional\/ Florecimiento Humano\",\"potentialAction\":[{\"@type\":\"SearchAction\",\"target\":{\"@type\":\"EntryPoint\",\"urlTemplate\":\"https:\/\/sandy-mora.com\/?s={search_term_string}\"},\"query-input\":\"required name=search_term_string\"}],\"inLanguage\":\"en-US\"}]}<\/script>\n<!-- \/ Yoast SEO plugin. -->","yoast_head_json":{"title":"Contacto OLD - Sandy Mora","robots":{"index":"index","follow":"follow","max-snippet":"max-snippet:-1","max-image-preview":"max-image-preview:large","max-video-preview":"max-video-preview:-1"},"canonical":"https:\/\/sandy-mora.com\/en\/contacto-deprecated\/","og_locale":"en_US","og_type":"article","og_title":"Contacto OLD - Sandy Mora","og_description":"\u00a1Cu\u00e9ntame! \u00bfen qu\u00e9 puedo ayudarte? Contacto Conectemos para definir c\u00f3mo puedo ayudarte a transformar tu organizaci\u00f3n en un lugar de trabajo resiliente y emocionalmente responsable donde todos florezcan. Env\u00edame un mensaje y comencemos a construir un futuro mejor para tu equipo, tu negocio y el mundo. Sandra Mora sandy@sandymora.com Whatsapp +52 (442) 467 6031","og_url":"https:\/\/sandy-mora.com\/en\/contacto-deprecated\/","og_site_name":"Sandy Mora","article_modified_time":"2024-08-31T00:15:17+00:00","twitter_card":"summary_large_image","schema":{"@context":"https:\/\/schema.org","@graph":[{"@type":"WebPage","@id":"https:\/\/sandy-mora.com\/contacto-deprecated\/","url":"https:\/\/sandy-mora.com\/contacto-deprecated\/","name":"Contacto OLD - Sandy Mora","isPartOf":{"@id":"https:\/\/sandy-mora.com\/#website"},"datePublished":"2019-08-06T20:55:15+00:00","dateModified":"2024-08-31T00:15:17+00:00","breadcrumb":{"@id":"https:\/\/sandy-mora.com\/contacto-deprecated\/#breadcrumb"},"inLanguage":"en-US","potentialAction":[{"@type":"ReadAction","target":["https:\/\/sandy-mora.com\/contacto-deprecated\/"]}]},{"@type":"BreadcrumbList","@id":"https:\/\/sandy-mora.com\/contacto-deprecated\/#breadcrumb","itemListElement":[{"@type":"ListItem","position":1,"name":"Inicio","item":"https:\/\/sandy-mora.com\/"},{"@type":"ListItem","position":2,"name":"Contacto OLD"}]},{"@type":"WebSite","@id":"https:\/\/sandy-mora.com\/#website","url":"https:\/\/sandy-mora.com\/","name":"Sandy Mora","description":"Cardi\u00f3loga Organizacional \/ Alquimia Emocional\/ Florecimiento Humano","potentialAction":[{"@type":"SearchAction","target":{"@type":"EntryPoint","urlTemplate":"https:\/\/sandy-mora.com\/?s={search_term_string}"},"query-input":"required name=search_term_string"}],"inLanguage":"en-US"}]}},"_links":{"self":[{"href":"https:\/\/sandy-mora.com\/en\/wp-json\/wp\/v2\/pages\/32","targetHints":{"allow":["GET"]}}],"collection":[{"href":"https:\/\/sandy-mora.com\/en\/wp-json\/wp\/v2\/pages"}],"about":[{"href":"https:\/\/sandy-mora.com\/en\/wp-json\/wp\/v2\/types\/page"}],"author":[{"embeddable":true,"href":"https:\/\/sandy-mora.com\/en\/wp-json\/wp\/v2\/users\/1"}],"replies":[{"embeddable":true,"href":"https:\/\/sandy-mora.com\/en\/wp-json\/wp\/v2\/comments?post=32"}],"version-history":[{"count":19,"href":"https:\/\/sandy-mora.com\/en\/wp-json\/wp\/v2\/pages\/32\/revisions"}],"predecessor-version":[{"id":1852,"href":"https:\/\/sandy-mora.com\/en\/wp-json\/wp\/v2\/pages\/32\/revisions\/1852"}],"wp:attachment":[{"href":"https:\/\/sandy-mora.com\/en\/wp-json\/wp\/v2\/media?parent=32"}],"curies":[{"name":"wp","href":"https:\/\/api.w.org\/{rel}","templated":true}]}}