{"id":668,"date":"2021-05-09T02:10:00","date_gmt":"2021-05-09T07:10:00","guid":{"rendered":"http:\/\/sandy-mora.test\/?page_id=668"},"modified":"2021-05-10T17:08:52","modified_gmt":"2021-05-10T22:08:52","slug":"gps-interno-webinar-gratuito","status":"publish","type":"page","link":"https:\/\/sandy-mora.com\/en\/gps-interno-webinar-gratuito\/","title":{"rendered":"GPS interno webinar gratuito"},"content":{"rendered":"<h1>\n\t\tCLASE GRATUITA:       Re-calculando el camino al GOZO con tu GPS interno\n\t<\/h1>\n\t<p>\u00bfC\u00f3mo tomar decisiones desde el coraz\u00f3n, con las que el cerebro est\u00e9 de acuerdo?<\/p>\n<h2>\n\t\t\u00a1\u00a1Entonces no te puedes perder este webinar!!\n\t<\/h2>\n\t\t\t<a href=\"https:\/\/fierce-originator-3540.ck.page\/2c00c7d375\" target=\"_blank\" role=\"button\" rel=\"noopener\">\n\t\t\t\t\t\t\t\u00a1Quiero participar!\n\t\t\t<\/a>\n\t<p>En Mayo del 2020 una encuesta realizada por la Universidad Iberoamericana revel\u00f3 que 3 de cada 10 adultos en M\u00e9xico presentaban s\u00edntomas de preocupaci\u00f3n, tristeza, angustia, depresi\u00f3n o andiedad, y estos n\u00fameros han seguido a la alza.<\/p>\n<p>Sin duda, la situaci\u00f3n tan extra\u00f1a que hemos vivido el \u00faltimo a\u00f1o nos ha &#8220;descolocado&#8221;, puesto en pausa nuestros planes y confrontado con lo que hab\u00edamos estado tolerando pero que ya se ha vuelto evidente que no funciona. Estamos en el momento perfecto para re-estructurarnos desde un lugar mucho m\u00e1s sano y gozoso.<\/p>\n<p>&nbsp;<\/p>\n<h2>\n\t\tESTO ES PARA TI SI:\n\t<\/h2>\n<h2>\n\t\tESTO DEFINITIVAMENTE NO ES PARA TI SI:\n\t<\/h2>\n\t<p>Como es adentro, es afuera. Si adentro no est\u00e1s sinti\u00e9ndote bien, dificilmente tendr\u00e1s la energ\u00eda adecuada para transformar tu vida en una que se sienta bien la mayor parte del tiempo.<\/p>\n<p>Re-calibrar tu GPS interno y retomar las riendas de c\u00f3mo te quieres sentir es el acto de autocuidado m\u00e1s importante que puedes tener en este momento.<\/p>\n<p>Cuando sintonizas cerebro y coraz\u00f3n, adquieres nuevamente coherencia, escuchas tus deseos, decides en base a tus valores y tienes un faro para salir del t\u00fanel en los momentos de obscuridad.<\/p>\n\t\t\t<a href=\"https:\/\/fierce-originator-3540.ck.page\/2c00c7d375\" target=\"_blank\" role=\"button\" rel=\"noopener\">\n\t\t\t\t\t\t\tQuiero inscribirme a la clase gratuita\n\t\t\t<\/a>\n<h2>\n\t\tEN ESTA CLASE APRENDER\u00c1S\n\t<\/h2>\n<h2>\n\t\t\u00bfQU\u00c9 DICEN QUIENES YA CALIBRARON SU GPS INTERNO?\n\t<\/h2>\n\t\t\t\t<img fetchpriority=\"high\" decoding=\"async\" src=\"https:\/\/sandy-mora.com\/wp-content\/uploads\/2021\/05\/12080384_986524611411449_3794633189073455432_o.jpg\" alt=\"12080384_986524611411449_3794633189073455432_o\" itemprop=\"image\" height=\"522\" width=\"1114\" title=\"12080384_986524611411449_3794633189073455432_o\" onerror=\"this.style.display='none'\"  \/>\n\t<iframe width=\"560\" height=\"315\" src=\"https:\/\/www.youtube.com\/embed\/0OqBaolwGsE\" title=\"YouTube video player\" frameborder=\"0\" allow=\"accelerometer; autoplay; clipboard-write; encrypted-media; gyroscope; picture-in-picture\" allowfullscreen><\/iframe>\n\t\t\t<a href=\"https:\/\/fierce-originator-3540.ck.page\/2c00c7d375\" target=\"_blank\" role=\"button\" rel=\"noopener\">\n\t\t\t\t\t\t\tEstoy lista para apuntarme a la clase gratuita\n\t\t\t<\/a>\n\t\t\t\t<img decoding=\"async\" src=\"https:\/\/sandy-mora.com\/wp-content\/uploads\/2021\/05\/OPTIMISMO-3-1024x1024.png\" alt=\"Sandy Mora\" itemprop=\"image\" height=\"1024\" width=\"1024\" title=\"Sandy Mora\" onerror=\"this.style.display='none'\"  \/>\n\t<strong>\u00a1HOLA! Soy Sandy Mora.<br \/>\n<\/strong>Soy maestra en desarrollo del potencial humano, especialista en resiliencia y manejo del cambio.\n<p>Tras m\u00e1s de 20 a\u00f1os en el mundo corporativo (en \u00e1reas de publicidad y mercadotecnia) y despu\u00e9s de varios tsunamis personales, entre los que han estado un c\u00e1ncer de mama, la insuficiencia renal y transplante de uno de mis 3 hijos, la p\u00e9rdida de un trabajo corporativo de m\u00e1s de 12 a\u00f1os y 2 divorcios, decid\u00ed darle un giro a mi vida.<\/p>\n<p>Encontr\u00e9 mi prop\u00f3sito y misi\u00f3n en acompa\u00f1ar a personas y grupos a conectar con su fuerza y potencial, encender su GPS interno y navegar las aguas de la crisis y la adversidad para salir de ellas transformados y fortalecidos. He aprendido que son precisamente esos momentos oscuros y apestosos los que podemos transformar en abono para nutrirnos, fortalecernos, crecer y FLORECER.<\/p>\n<p>Soy autora del best seller de amazon; &#8220;Alquimia Emocional, el arte de transformar la adversidad en oro para tu crecimiento&#8221;, creadora y anfitriona del podcast &#8220;El club de la limonada, sac\u00e1ndole jugo a la vida&#8221; y soy tallerista, conferencista y facilitadora de procesos humanos individuales y grupales.<\/p>\n<p>\u00a1Ser\u00e1 un honor acompa\u00f1arte en tu proceso!<\/p>\n\t\t\t\t<img decoding=\"async\" src=\"https:\/\/sandy-mora.com\/wp-content\/uploads\/2021\/05\/OPTIMISMO-4.png\" alt=\"Taller Tu GPS interno de Sandy Mora\" itemprop=\"image\" height=\"1080\" width=\"1080\" title=\"Taller Tu GPS interno de Sandy Mora\" onerror=\"this.style.display='none'\"  \/>\n<h2>\n\t\tNo te pierdas esta clase sin costo el pr\u00f3ximo 20 de Mayo a las 6:30 p.m. (Hora del centro de M\u00e9xico).\n\t<\/h2>\n\t<p>Inscr\u00edbete totalmente gratis dando click al bot\u00f3n verde.\u00a0 A vuelta de correo recibir\u00e1s las instrucciones y poco antes de la clase recibir\u00e1s el cuaderno de trabajo para tenerlo a la mano el d\u00eda del webinar, as\u00ed como el link para conectarte en vivo.<\/p>\n\n<p>Porque si t\u00fa est\u00e1s bien, quienes te rodean tienen m\u00e1s posibilidades de estarlo y de esa forma podemos ir cambiando al mundo.<\/p>\n<p>Asume la responsabilidad radical que tienes sobre tu propio bienestar y \u00a1hagamos esto!<\/p>\n\t\t\t<a href=\"https:\/\/fierce-originator-3540.ck.page\/2c00c7d375\" target=\"_blank\" role=\"button\" rel=\"noopener\">\n\t\t\t\t\t\t\tInscribirme ya\n\t\t\t<\/a>","protected":false},"excerpt":{"rendered":"<p>CLASE GRATUITA: Re-calculando el camino al GOZO con tu GPS interno \u00bfC\u00f3mo tomar decisiones desde el coraz\u00f3n, con las que el cerebro est\u00e9 de acuerdo? \u00a1\u00a1Entonces no te puedes perder este webinar!! \u00a1Quiero participar! En Mayo del 2020 una encuesta realizada por la Universidad Iberoamericana revel\u00f3 que 3 de cada 10 adultos en M\u00e9xico presentaban [&hellip;]<\/p>","protected":false},"author":2,"featured_media":0,"parent":0,"menu_order":0,"comment_status":"closed","ping_status":"closed","template":"page_landing.php","meta":{"_genesis_hide_title":false,"_genesis_hide_breadcrumbs":false,"_genesis_hide_singular_image":false,"_genesis_hide_footer_widgets":false,"_genesis_custom_body_class":"","_genesis_custom_post_class":"","_genesis_layout":"","_wp_convertkit_post_meta":{"form":"-1","landing_page":"0","tag":"0","restrict_content":"0"},"footnotes":""},"class_list":{"0":"post-668","1":"page","2":"type-page","3":"status-publish","5":"entry","6":"has-post-thumbnail"},"yoast_head":"<!-- This site is optimized with the Yoast SEO plugin v20.2.1 - https:\/\/yoast.com\/wordpress\/plugins\/seo\/ -->\n<title>GPS interno webinar gratuito - Sandy Mora Sandy Mora -<\/title>\n<meta name=\"description\" content=\"Webinar gratuito GPS interno. Cerebro y coraz\u00f3n en coherencia. Establecer prioridades desde el alma. Retomar las riendas de mi bienestar.\" \/>\n<meta name=\"robots\" content=\"index, follow, max-snippet:-1, max-image-preview:large, max-video-preview:-1\" \/>\n<link rel=\"canonical\" href=\"https:\/\/sandy-mora.com\/en\/gps-interno-webinar-gratuito\/\" \/>\n<meta property=\"og:locale\" content=\"en_US\" \/>\n<meta property=\"og:type\" content=\"article\" \/>\n<meta property=\"og:title\" content=\"Clase sin costo para aprender c\u00f3mo encender tu GPS interno\" \/>\n<meta property=\"og:description\" content=\"Sandy Mora te invita a su clase gratuita para que aprendas como encender y calibrar tu GPS interno. Termina con el pleito entre coraz\u00f3n y cerebro, toma decisiones m\u00e1s alineadas a tu ser, encuentra la luz al final del t\u00fanel.\" \/>\n<meta property=\"og:url\" content=\"https:\/\/sandy-mora.com\/en\/gps-interno-webinar-gratuito\/\" \/>\n<meta property=\"og:site_name\" content=\"Sandy Mora\" \/>\n<meta property=\"article:modified_time\" content=\"2021-05-10T22:08:52+00:00\" \/>\n<meta property=\"og:image\" content=\"https:\/\/sandy-mora.com\/wp-content\/uploads\/2021\/05\/OPTIMISMO-4-1024x1024.png\" \/>\n\t<meta property=\"og:image:width\" content=\"1024\" \/>\n\t<meta property=\"og:image:height\" content=\"1024\" \/>\n\t<meta property=\"og:image:type\" content=\"image\/png\" \/>\n<meta name=\"twitter:card\" content=\"summary_large_image\" \/>\n<meta name=\"twitter:title\" content=\"Enciende tu GPS interno\" \/>\n<meta name=\"twitter:description\" content=\"Clase gratuita con Sandy Mora para entender c\u00f3mo sintonizar cerebro y coraz\u00f3n, plantearte metas con alma, tomar decisones m\u00e1s sabias y encontrar la luz al final del t\u00fanel.\" \/>\n<meta name=\"twitter:image\" content=\"https:\/\/sandy-mora.com\/wp-content\/uploads\/2021\/05\/OPTIMISMO-4.png\" \/>\n<meta name=\"twitter:label1\" content=\"Est. reading time\" \/>\n\t<meta name=\"twitter:data1\" content=\"4 minutes\" \/>\n<script type=\"application\/ld+json\" class=\"yoast-schema-graph\">{\"@context\":\"https:\/\/schema.org\",\"@graph\":[{\"@type\":\"WebPage\",\"@id\":\"https:\/\/sandy-mora.com\/gps-interno-webinar-gratuito\/\",\"url\":\"https:\/\/sandy-mora.com\/gps-interno-webinar-gratuito\/\",\"name\":\"GPS interno webinar gratuito - Sandy Mora Sandy Mora -\",\"isPartOf\":{\"@id\":\"https:\/\/sandy-mora.com\/#website\"},\"datePublished\":\"2021-05-09T07:10:00+00:00\",\"dateModified\":\"2021-05-10T22:08:52+00:00\",\"description\":\"Webinar gratuito GPS interno. Cerebro y coraz\u00f3n en coherencia. Establecer prioridades desde el alma. Retomar las riendas de mi bienestar.\",\"breadcrumb\":{\"@id\":\"https:\/\/sandy-mora.com\/gps-interno-webinar-gratuito\/#breadcrumb\"},\"inLanguage\":\"en-US\",\"potentialAction\":[{\"@type\":\"ReadAction\",\"target\":[\"https:\/\/sandy-mora.com\/gps-interno-webinar-gratuito\/\"]}]},{\"@type\":\"BreadcrumbList\",\"@id\":\"https:\/\/sandy-mora.com\/gps-interno-webinar-gratuito\/#breadcrumb\",\"itemListElement\":[{\"@type\":\"ListItem\",\"position\":1,\"name\":\"Inicio\",\"item\":\"https:\/\/sandy-mora.com\/\"},{\"@type\":\"ListItem\",\"position\":2,\"name\":\"GPS interno webinar gratuito\"}]},{\"@type\":\"WebSite\",\"@id\":\"https:\/\/sandy-mora.com\/#website\",\"url\":\"https:\/\/sandy-mora.com\/\",\"name\":\"Sandy Mora\",\"description\":\"Cardi\u00f3loga Organizacional \/ Alquimia Emocional\/ Florecimiento Humano\",\"potentialAction\":[{\"@type\":\"SearchAction\",\"target\":{\"@type\":\"EntryPoint\",\"urlTemplate\":\"https:\/\/sandy-mora.com\/?s={search_term_string}\"},\"query-input\":\"required name=search_term_string\"}],\"inLanguage\":\"en-US\"}]}<\/script>\n<!-- \/ Yoast SEO plugin. -->","yoast_head_json":{"title":"GPS interno webinar gratuito - Sandy Mora Sandy Mora -","description":"Webinar gratuito GPS interno. Cerebro y coraz\u00f3n en coherencia. Establecer prioridades desde el alma. Retomar las riendas de mi bienestar.","robots":{"index":"index","follow":"follow","max-snippet":"max-snippet:-1","max-image-preview":"max-image-preview:large","max-video-preview":"max-video-preview:-1"},"canonical":"https:\/\/sandy-mora.com\/en\/gps-interno-webinar-gratuito\/","og_locale":"en_US","og_type":"article","og_title":"Clase sin costo para aprender c\u00f3mo encender tu GPS interno","og_description":"Sandy Mora te invita a su clase gratuita para que aprendas como encender y calibrar tu GPS interno. Termina con el pleito entre coraz\u00f3n y cerebro, toma decisiones m\u00e1s alineadas a tu ser, encuentra la luz al final del t\u00fanel.","og_url":"https:\/\/sandy-mora.com\/en\/gps-interno-webinar-gratuito\/","og_site_name":"Sandy Mora","article_modified_time":"2021-05-10T22:08:52+00:00","og_image":[{"width":1024,"height":1024,"url":"https:\/\/sandy-mora.com\/wp-content\/uploads\/2021\/05\/OPTIMISMO-4-1024x1024.png","type":"image\/png"}],"twitter_card":"summary_large_image","twitter_title":"Enciende tu GPS interno","twitter_description":"Clase gratuita con Sandy Mora para entender c\u00f3mo sintonizar cerebro y coraz\u00f3n, plantearte metas con alma, tomar decisones m\u00e1s sabias y encontrar la luz al final del t\u00fanel.","twitter_image":"https:\/\/sandy-mora.com\/wp-content\/uploads\/2021\/05\/OPTIMISMO-4.png","twitter_misc":{"Est. reading time":"4 minutes"},"schema":{"@context":"https:\/\/schema.org","@graph":[{"@type":"WebPage","@id":"https:\/\/sandy-mora.com\/gps-interno-webinar-gratuito\/","url":"https:\/\/sandy-mora.com\/gps-interno-webinar-gratuito\/","name":"GPS interno webinar gratuito - Sandy Mora Sandy Mora -","isPartOf":{"@id":"https:\/\/sandy-mora.com\/#website"},"datePublished":"2021-05-09T07:10:00+00:00","dateModified":"2021-05-10T22:08:52+00:00","description":"Webinar gratuito GPS interno. Cerebro y coraz\u00f3n en coherencia. Establecer prioridades desde el alma. Retomar las riendas de mi bienestar.","breadcrumb":{"@id":"https:\/\/sandy-mora.com\/gps-interno-webinar-gratuito\/#breadcrumb"},"inLanguage":"en-US","potentialAction":[{"@type":"ReadAction","target":["https:\/\/sandy-mora.com\/gps-interno-webinar-gratuito\/"]}]},{"@type":"BreadcrumbList","@id":"https:\/\/sandy-mora.com\/gps-interno-webinar-gratuito\/#breadcrumb","itemListElement":[{"@type":"ListItem","position":1,"name":"Inicio","item":"https:\/\/sandy-mora.com\/"},{"@type":"ListItem","position":2,"name":"GPS interno webinar gratuito"}]},{"@type":"WebSite","@id":"https:\/\/sandy-mora.com\/#website","url":"https:\/\/sandy-mora.com\/","name":"Sandy Mora","description":"Cardi\u00f3loga Organizacional \/ Alquimia Emocional\/ Florecimiento Humano","potentialAction":[{"@type":"SearchAction","target":{"@type":"EntryPoint","urlTemplate":"https:\/\/sandy-mora.com\/?s={search_term_string}"},"query-input":"required name=search_term_string"}],"inLanguage":"en-US"}]}},"_links":{"self":[{"href":"https:\/\/sandy-mora.com\/en\/wp-json\/wp\/v2\/pages\/668","targetHints":{"allow":["GET"]}}],"collection":[{"href":"https:\/\/sandy-mora.com\/en\/wp-json\/wp\/v2\/pages"}],"about":[{"href":"https:\/\/sandy-mora.com\/en\/wp-json\/wp\/v2\/types\/page"}],"author":[{"embeddable":true,"href":"https:\/\/sandy-mora.com\/en\/wp-json\/wp\/v2\/users\/2"}],"replies":[{"embeddable":true,"href":"https:\/\/sandy-mora.com\/en\/wp-json\/wp\/v2\/comments?post=668"}],"version-history":[{"count":37,"href":"https:\/\/sandy-mora.com\/en\/wp-json\/wp\/v2\/pages\/668\/revisions"}],"predecessor-version":[{"id":1020,"href":"https:\/\/sandy-mora.com\/en\/wp-json\/wp\/v2\/pages\/668\/revisions\/1020"}],"wp:attachment":[{"href":"https:\/\/sandy-mora.com\/en\/wp-json\/wp\/v2\/media?parent=668"}],"curies":[{"name":"wp","href":"https:\/\/api.w.org\/{rel}","templated":true}]}}